{"id":3557,"date":"2014-01-06T18:25:23","date_gmt":"2014-01-06T17:25:23","guid":{"rendered":"https:\/\/fexkarate.com\/historia-del-karate-do\/"},"modified":"2026-03-31T13:23:55","modified_gmt":"2026-03-31T12:23:55","slug":"historia-del-karate-do","status":"publish","type":"page","link":"https:\/\/fexkarate.com\/?page_id=3557","title":{"rendered":"Historia del Karate-do"},"content":{"rendered":"<p><div class=\"fusion-fullwidth fullwidth-box fusion-builder-row-1 fusion-flex-container nonhundred-percent-fullwidth non-hundred-percent-height-scrolling\" style=\"--awb-border-radius-top-left:0px;--awb-border-radius-top-right:0px;--awb-border-radius-bottom-right:0px;--awb-border-radius-bottom-left:0px;--awb-flex-wrap:wrap;\" ><div class=\"fusion-builder-row fusion-row fusion-flex-align-items-flex-start fusion-flex-content-wrap\" style=\"max-width:1185.6px;margin-left: calc(-4% \/ 2 );margin-right: calc(-4% \/ 2 );\"><div class=\"fusion-layout-column fusion_builder_column fusion-builder-column-0 fusion_builder_column_1_1 1_1 fusion-flex-column\" style=\"--awb-bg-size:cover;--awb-width-large:100%;--awb-margin-top-large:0px;--awb-spacing-right-large:1.92%;--awb-margin-bottom-large:0px;--awb-spacing-left-large:1.92%;--awb-width-medium:100%;--awb-spacing-right-medium:1.92%;--awb-spacing-left-medium:1.92%;--awb-width-small:100%;--awb-spacing-right-small:1.92%;--awb-spacing-left-small:1.92%;\"><div class=\"fusion-column-wrapper fusion-flex-justify-content-flex-start fusion-content-layout-column\"><div class=\"fusion-text fusion-text-1\"><table style=\"max-width: 100%;border-collapse: collapse;border-spacing: 0px;color: #333333;font-family: 'Helvetica Neue', Helvetica, Arial, sans-serif;font-size: 14px;line-height: 20px\" cellspacing=\"0\" cellpadding=\"0\">\n<tbody>\n<tr>\n<td colspan=\"4\" valign=\"top\" height=\"183\">\n<p style=\"margin: 0px 0px 10px\" align=\"justify\">Cuenta la Historia que all\u00e1 por el a\u00f1o 776 a.c. exist\u00eda un tipo de combate sin armas de origen grecorromano llamado \u00abPANCRACIO\u00bb, y que form\u00f3 incluso parte de prestigiosos juegos de la \u00e9poca.<\/p>\n<p style=\"margin: 0px 0px 10px\" align=\"justify\">Este tipo de combate fue pasando entre pueblos , de la India a Grecia de ah\u00ed a Roma y mas tarde a Persia, para despu\u00e9s hacer su entrada de nuevo en la India.<\/p>\n<p style=\"margin: 0px 0px 10px\" align=\"justify\">Donde un monje Tibetano ense\u00f1\u00f3 este arte a Bodhidarma , tambi\u00e9n conocido como Daruma , Bodhidarma fusion\u00f3 estas ense\u00f1anzas con las que obtuvo de su padre y con sus estudios del Budismo Zen.<\/p>\n<p style=\"margin: 0px 0px 10px\" align=\"justify\">Afligido por la muerte de su Maestro, viaja a China y funda el Monasterio de Shaolin, donde decide transmitir lo aprendido a sus monjes, siendo su objetivo principal el desarrollo f\u00edsico y espiritual.<\/p>\n<p style=\"margin: 0px 0px 10px\" align=\"justify\">Despu\u00e9s de un largo peregrinaje y fusi\u00f3n con los estilos de lucha de China, este arte de la lucha sin armas pasa al archipi\u00e9lago de las islas de Ryu Kyu , m\u00e1s concretamente a Okinawa, en un intercambio cultural que hubo de familias de artesanos.<\/p>\n<\/td>\n<\/tr>\n<tr>\n<td colspan=\"3\" valign=\"middle\" height=\"111\">\n<p style=\"margin: 0px 0px 10px\" align=\"justify\">Okinawa dispon\u00eda ya de un sistema propio de lucha sin armas, y este nuevo sistema venido de China se fusion\u00f3 r\u00e1pidamente con el aut\u00f3ctono, que se populariz\u00f3 debido principalmente a la prohibici\u00f3n de armas en la Isla.<\/p>\n<\/td>\n<td align=\"center\" valign=\"middle\" width=\"452\"><img class=\"lazyload\" decoding=\"async\" src=\"data:image\/svg+xml,%3Csvg%20xmlns%3D%27http%3A%2F%2Fwww.w3.org%2F2000%2Fsvg%27%20width%3D%27149%27%20height%3D%2798%27%20viewBox%3D%270%200%20149%2098%27%3E%3Crect%20width%3D%27149%27%20height%3D%2798%27%20fill-opacity%3D%220%22%2F%3E%3C%2Fsvg%3E\" data-orig-src=\"https:\/\/fexkarate.com\/wp-content\/uploads\/2014\/01\/casa-2.jpg\" alt=\"\" \/><\/td>\n<\/tr>\n<tr>\n<td colspan=\"3\" valign=\"middle\" height=\"127\">\n<p style=\"margin: 0px 0px 10px\" align=\"justify\">En el a\u00f1o 1477 el emperador, ante la posibles rebeliones de la poblaci\u00f3n proclam\u00f3 un Edicto de \u00abNo Espadas\u00bb, estos al verse desprovistos de todas sus armas, echaron mano de los utensilios de labranza y se entrenaron en el arte del combate a manos vac\u00edas que tan popular se hab\u00eda hecho.<\/p>\n<\/td>\n<td align=\"center\" valign=\"middle\"><img class=\"lazyload\" decoding=\"async\" src=\"data:image\/svg+xml,%3Csvg%20xmlns%3D%27http%3A%2F%2Fwww.w3.org%2F2000%2Fsvg%27%20width%3D%27149%27%20height%3D%27111%27%20viewBox%3D%270%200%20149%20111%27%3E%3Crect%20width%3D%27149%27%20height%3D%27111%27%20fill-opacity%3D%220%22%2F%3E%3C%2Fsvg%3E\" data-orig-src=\"https:\/\/fexkarate.com\/wp-content\/uploads\/2014\/01\/okinawa-2.jpg\" alt=\"\" \/><\/td>\n<\/tr>\n<tr>\n<td colspan=\"4\" valign=\"top\" height=\"273\">\n<p style=\"margin: 0px 0px 10px\" align=\"justify\">En febrero de 1609 los Japoneses invaden la isla de Okinawa, poniendo fin a la dinast\u00eda Sho, en la batalla de Keicho.Entonces vuelven a proclamarse numerosas disposiciones de prohibici\u00f3n y entre ellas, la de posesi\u00f3n y uso de toda clase de armas, no pudiendo tener consigo ni siquiera utensilios cotidianos que pudieran ser utilizados como elementos de defensa.<\/p>\n<p style=\"margin: 0px 0px 10px\" align=\"justify\">Llegando incluso al extremo de colocar un cuchillo para ser utilizados por todos, el cual estaba custodiado por guardias armados, en la Plaza del Pueblo.<\/p>\n<p>Al caer la noche los nativos de la Isla se reun\u00edan en secreto para practicar el combate sin armas, Teniendo un c\u00f3digo para su pr\u00e1ctica creando as\u00ed el primer Dojo-Kun o mandamientos del lugar donde se celebraban los entrenamientos.<\/p>\n<p style=\"margin: 0px 0px 10px\" align=\"justify\">Sobre el 1840, se comienza verdaderamente a entrenar metodol\u00f3gicamente y se retoma la antigua ense\u00f1anza de la filosof\u00eda sobre el origen del arte de las manos vac\u00edas, activ\u00e1ndose mas como elemento de ejercicio f\u00edsico que como aplicaci\u00f3n de la defensa personal, llegando a incluirse en 1905 en el sistema de ense\u00f1anza de las escuelas primarias de Okinawa.<\/p>\n<p style=\"margin: 0px 0px 10px\" align=\"justify\">En 1921, el que luego era pr\u00edncipe Heredero, realiz\u00f3 una visita a la isla de Okinawa y recibi\u00f3 en su honor una exhibici\u00f3n de este arte llamado Karate, de la cual qued\u00f3 altamente impresionado, tanto es as\u00ed que incluy\u00f3 este evento en un informe al Gobierno Japon\u00e9s.<\/p>\n<p style=\"margin: 0px 0px 10px\" align=\"justify\">Al a\u00f1o siguiente El Ministerio Japon\u00e9s de Educaci\u00f3n curs\u00f3 una invitaci\u00f3n al Gobernador de Okinawa a fin de que enviaran una delegaci\u00f3n de Maestros de ese Arte tan especial , que solo usaban los pies y las manos, para que pudieran participar en el festival que hac\u00eda el Ministerio de Educaci\u00f3n.<\/p>\n<\/td>\n<\/tr>\n<tr>\n<td colspan=\"2\" align=\"center\" valign=\"middle\" height=\"243\"><img class=\"lazyload\" decoding=\"async\" src=\"data:image\/svg+xml,%3Csvg%20xmlns%3D%27http%3A%2F%2Fwww.w3.org%2F2000%2Fsvg%27%20width%3D%27149%27%20height%3D%27208%27%20viewBox%3D%270%200%20149%20208%27%3E%3Crect%20width%3D%27149%27%20height%3D%27208%27%20fill-opacity%3D%220%22%2F%3E%3C%2Fsvg%3E\" data-orig-src=\"https:\/\/fexkarate.com\/wp-content\/uploads\/2014\/01\/trajes-2.jpg\" alt=\"\" \/><\/td>\n<td colspan=\"2\" valign=\"middle\">\n<p style=\"margin: 0px 0px 10px\" align=\"justify\">Tanto cal\u00f3 en el sentir Japon\u00e9s que en 1924 el Karate quedo incorporado como materia en el programa de estudios de muchas de las Universidades Japonesas.El paso a Occidente tiene varias vertientes, unas de ellas en 1924 por medio de inmigrantes Japoneses, pero la m\u00e1s relevante y definitiva fue debida a la segunda Guerra Mundial.<\/p>\n<\/td>\n<\/tr>\n<tr>\n<td colspan=\"4\" valign=\"top\" height=\"171\">\n<p style=\"margin: 0px 0px 10px\" align=\"justify\">La guerra contra los Japoneses, volvi\u00f3 a abrir e impulsar este arte de lucha con las manos vac\u00edas, y los soldados Japoneses eran instruidos en el Karate como arte de autodefensa personal y auto control, para el frente.<\/p>\n<p style=\"margin: 0px 0px 10px\" align=\"justify\">De esta forma entr\u00f3 en Occidente de la mano de la Armada Norte Americana que conoci\u00f3 en su guerra con Jap\u00f3n el Karate y comenz\u00f3 a entrenarse en este arte de lucha cuerpo a cuerpo.<\/p>\n<div align=\"justify\">\n<ul style=\"padding: 0px;margin: 0px 0px 10px 25px\">\n<li>En Europa entra principalmente por Francia en el a\u00f1o 1948.<\/li>\n<li>En 1966 se crea la Uni\u00f3n Europea de Karate.<\/li>\n<li>En 1968 entra en Espa\u00f1a, y no mucho mas tarde en 1977, se forma la Federaci\u00f3n Espa\u00f1ola de Karate.<\/li>\n<li>En 1970 en Tokio se celebraron los primeros campeonatos deportivos del mundo en 1972 en Paris, en 1975 en los \u00c1ngeles, en 1977 otra vez en Tokio y en 1980 en Madrid.<\/li>\n<\/ul>\n<\/div>\n<\/td>\n<\/tr>\n<tr>\n<td align=\"center\" valign=\"middle\" width=\"272\" height=\"131\"><img class=\"lazyload\" decoding=\"async\" src=\"data:image\/svg+xml,%3Csvg%20xmlns%3D%27http%3A%2F%2Fwww.w3.org%2F2000%2Fsvg%27%20width%3D%27149%27%20height%3D%27100%27%20viewBox%3D%270%200%20149%20100%27%3E%3Crect%20width%3D%27149%27%20height%3D%27100%27%20fill-opacity%3D%220%22%2F%3E%3C%2Fsvg%3E\" data-orig-src=\"https:\/\/fexkarate.com\/wp-content\/uploads\/2014\/01\/competicion-2.jpg\" alt=\"\" \/><\/td>\n<td colspan=\"3\" valign=\"middle\">\n<p style=\"margin: 0px 0px 10px\" align=\"justify\">Los \u201cV Campeonatos del Mundo de Karate\u201d se celebraron en Madrid, todo un Honor, donde aparecieron nuestros primeros Campeones del Mundo.<\/p>\n<\/td>\n<\/tr>\n<tr>\n<td colspan=\"4\" valign=\"middle\">\n<p style=\"margin: 0px 0px 10px\" align=\"justify\">Despu\u00e9s de algunos a\u00f1os volvi\u00f3 a Espa\u00f1a en Granada en el 92 y a Madrid en el 2002, esta vez con un espa\u00f1ol como presidente de la Federaci\u00f3n Mundial de Karate: D. Antonio Espinos Ortueta.<\/p>\n<p style=\"margin: 0px 0px 10px\" align=\"right\">\u00a0<\/p>\n<p class=\"Estilo9\" style=\"margin: 0px 0px 10px\" align=\"center\"><strong>Mag\u00edn Novillo<\/strong><\/p>\n<\/td>\n<\/tr>\n<\/tbody>\n<\/table>\n<\/div><\/div><\/div><\/div><\/div><div class=\"fusion-fullwidth fullwidth-box fusion-builder-row-2 fusion-flex-container has-pattern-background has-mask-background nonhundred-percent-fullwidth non-hundred-percent-height-scrolling\" style=\"--awb-border-radius-top-left:0px;--awb-border-radius-top-right:0px;--awb-border-radius-bottom-right:0px;--awb-border-radius-bottom-left:0px;--awb-margin-top:68px;--awb-flex-wrap:wrap;\" ><div class=\"fusion-builder-row fusion-row fusion-flex-align-items-flex-start fusion-flex-content-wrap\" style=\"max-width:1185.6px;margin-left: calc(-4% \/ 2 );margin-right: calc(-4% \/ 2 );\"><div class=\"fusion-layout-column fusion_builder_column fusion-builder-column-1 fusion_builder_column_1_3 1_3 fusion-flex-column\" style=\"--awb-bg-size:cover;--awb-width-large:33.333333333333%;--awb-margin-top-large:0px;--awb-spacing-right-large:5.76%;--awb-margin-bottom-large:20px;--awb-spacing-left-large:5.76%;--awb-width-medium:100%;--awb-order-medium:0;--awb-spacing-right-medium:1.92%;--awb-spacing-left-medium:1.92%;--awb-width-small:100%;--awb-order-small:0;--awb-spacing-right-small:1.92%;--awb-spacing-left-small:1.92%;\"><div class=\"fusion-column-wrapper fusion-column-has-shadow fusion-flex-justify-content-flex-start fusion-content-layout-column\"><div class=\"fusion-content-boxes content-boxes columns row fusion-columns-1 fusion-columns-total-2 fusion-content-boxes-1 content-boxes-icon-with-title content-left\" style=\"--awb-hover-accent-color:var(--awb-color4);--awb-circle-hover-accent-color:var(--awb-color4);--awb-item-margin-bottom:40px;\" data-animationOffset=\"top-into-view\"><div style=\"--awb-backgroundcolor:rgba(255,255,255,0);\" class=\"fusion-column content-box-column content-box-column content-box-column-1 col-lg-12 col-md-12 col-sm-12 fusion-content-box-hover content-box-column-last-in-row\"><div class=\"col content-box-wrapper content-wrapper link-area-link-icon link-type-text content-icon-wrapper-yes icon-hover-animation-fade fusion-animated\" data-animationType=\"fadeInLeft\" data-animationDuration=\"0.3\" data-animationOffset=\"top-into-view\"><div class=\"heading icon-left\"><a class=\"heading-link\" style=\"float:left;\" href=\"\/historia-del-karate-do-en-espana\/\" target=\"_self\"><h2 class=\"content-box-heading fusion-responsive-typography-calculated\" style=\"--h2_typography-font-size:24px;--fontSize:24;line-height:1.5;\">Historia del Karate en Espa\u00f1a<\/h2><\/a><\/div><\/div><\/div><div style=\"--awb-backgroundcolor:rgba(255,255,255,0);\" class=\"fusion-column content-box-column content-box-column content-box-column-2 col-lg-12 col-md-12 col-sm-12 fusion-content-box-hover content-box-column-last content-box-column-last-in-row\"><div class=\"col content-box-wrapper content-wrapper link-area-link-icon link-type-text content-icon-wrapper-yes icon-hover-animation-fade fusion-animated\" data-animationType=\"fadeInLeft\" data-animationDuration=\"0.3\" data-animationOffset=\"top-into-view\"><div class=\"heading icon-left\"><a class=\"heading-link\" style=\"float:left;\" href=\"\/historia-del-karate-do-en-extremadura\/\" target=\"_self\"><h2 class=\"content-box-heading fusion-responsive-typography-calculated\" style=\"--h2_typography-font-size:24px;--fontSize:24;line-height:1.5;\">Historia del Karate en Extremadura<\/h2><\/a><\/div><\/div><\/div><div class=\"fusion-clearfix\"><\/div><\/div><\/div><\/div><\/div><\/div><\/p>\n","protected":false},"excerpt":{"rendered":"<p>Cuenta la Historia que all\u00e1 por el a\u00f1o 776 a.c. exist\u00eda un tipo de combate sin armas de origen grecorromano llamado \u00abPANCRACIO\u00bb, y que form\u00f3 incluso parte de prestigiosos juegos de la \u00e9poca. Este tipo de combate fue pasando entre pueblos , de la India a Grecia de ah\u00ed a Roma y mas tarde a&hellip;<\/p>\n","protected":false},"author":2,"featured_media":0,"parent":0,"menu_order":0,"comment_status":"closed","ping_status":"closed","template":"","meta":{"footnotes":""},"class_list":["post-3557","page","type-page","status-publish","hentry"],"_hostinger_reach_plugin_has_subscription_block":false,"_hostinger_reach_plugin_is_elementor":false,"_links":{"self":[{"href":"https:\/\/fexkarate.com\/index.php?rest_route=\/wp\/v2\/pages\/3557","targetHints":{"allow":["GET"]}}],"collection":[{"href":"https:\/\/fexkarate.com\/index.php?rest_route=\/wp\/v2\/pages"}],"about":[{"href":"https:\/\/fexkarate.com\/index.php?rest_route=\/wp\/v2\/types\/page"}],"author":[{"embeddable":true,"href":"https:\/\/fexkarate.com\/index.php?rest_route=\/wp\/v2\/users\/2"}],"replies":[{"embeddable":true,"href":"https:\/\/fexkarate.com\/index.php?rest_route=%2Fwp%2Fv2%2Fcomments&post=3557"}],"version-history":[{"count":3,"href":"https:\/\/fexkarate.com\/index.php?rest_route=\/wp\/v2\/pages\/3557\/revisions"}],"predecessor-version":[{"id":4046,"href":"https:\/\/fexkarate.com\/index.php?rest_route=\/wp\/v2\/pages\/3557\/revisions\/4046"}],"wp:attachment":[{"href":"https:\/\/fexkarate.com\/index.php?rest_route=%2Fwp%2Fv2%2Fmedia&parent=3557"}],"curies":[{"name":"wp","href":"https:\/\/api.w.org\/{rel}","templated":true}]}}