{"id":3563,"date":"2014-01-06T18:42:11","date_gmt":"2014-01-06T17:42:11","guid":{"rendered":"https:\/\/fexkarate.com\/historia-del-karate-do-en-espana\/"},"modified":"2026-03-31T11:08:18","modified_gmt":"2026-03-31T10:08:18","slug":"historia-del-karate-do-en-espana","status":"publish","type":"page","link":"https:\/\/fexkarate.com\/?page_id=3563","title":{"rendered":"Historia del Karate-do en Espa\u00f1a"},"content":{"rendered":"<table style=\"max-width: 100%;border-collapse: collapse;border-spacing: 0px;color: #333333;font-family: 'Helvetica Neue', Helvetica, Arial, sans-serif;font-size: 14px;line-height: 20px\" cellspacing=\"0\" cellpadding=\"0\">\n<tbody>\n<tr>\n<td colspan=\"3\" valign=\"top\">\n<div style=\"text-align: justify\" align=\"justify\">\u00a0Hace tan s\u00f3lo unos ocho lustros, quiz\u00e1 algo m\u00e1s de cuarenta a\u00f1os, nadie o casi nadie practicaba karate en Espa\u00f1a, y si se practicaba, a nosotros no nos ha llegado el menor rastro de ello, salvo dos casos excepcionales que presentamos m\u00e1s adelante. En aquella \u00e9poca, nuestras mentalidades, nuestras potencialidades y nuestras fronteras no apuntaban hacia cuanto pudiera significar apertura, cambio o renovaci\u00f3n.<\/div>\n<\/td>\n<\/tr>\n<tr>\n<td colspan=\"2\" align=\"center\" valign=\"middle\" height=\"168\">\u00a0<img class=\"lazyload\" decoding=\"async\" src=\"data:image\/svg+xml,%3Csvg%20xmlns%3D%27http%3A%2F%2Fwww.w3.org%2F2000%2Fsvg%27%20width%3D%27231%27%20height%3D%27121%27%20viewBox%3D%270%200%20231%20121%27%3E%3Crect%20width%3D%27231%27%20height%3D%27121%27%20fill-opacity%3D%220%22%2F%3E%3C%2Fsvg%3E\" data-orig-src=\"https:\/\/fexkarate.com\/wp-content\/uploads\/2014\/01\/espana1-2.jpg\" alt=\"\" \/><\/td>\n<td valign=\"middle\" width=\"550\">\n<div style=\"text-align: justify\" align=\"justify\">\u00a0 La costumbre, la tradici\u00f3n, el inmovilismo y, sobre todo, los intereses de los responsables pol\u00edticos de la Espa\u00f1a de entonces se constitu\u00edan en\u00a0\u00a0 ac\u00e9rrimos inquisidores en pro de un conservadurismo severo, feroz, y radical que garantizaba, entre otras cosas, larga vida al poder establecido pero que, a su vez, manten\u00eda a Espa\u00f1a muy alejada de Europa y dificultaba el transvase cultural entre Occidente y Oriente.<\/div>\n<\/td>\n<\/tr>\n<tr>\n<td colspan=\"3\" valign=\"top\">\n<div style=\"text-align: justify\" align=\"justify\">\u00a0 Corr\u00edan tiempos dif\u00edciles, y no puede extra\u00f1ar que los primeros pasos del k\u00e1rate por nuestra geograf\u00eda resultaran duros en extremo, pero tambi\u00e9n sustanciosos, firmes e instructivos. Algunas personas de las que ayer iniciaban aquella andadura siguen hoy trabajando a favor de este noble arte marcial de a\u00f1eja ra\u00edz y verde tallo.\u00a0<\/p>\n<p>\u00a0 Entonces se entrenaba hasta la extenuaci\u00f3n, sin medios y sin miedos, pero con una enorme fe e ilusi\u00f3n en lo que se hac\u00eda; y, sorprendentemente, (cuando la practica del k\u00e1rate estaba prohibida e incluso perseguida y penalizada; cuando no hab\u00eda profesores, ni gimnasios ni asociaciones que lo conocieran y divulgaran; cuando toda bibliograf\u00eda y documentaci\u00f3n brillaban por su ausencia; cuando con s\u00f3lo mencionar la palabra \u201ckarate\u201d eras tachado de extravagante, peligroso y revolucionario; cuando \u201centrenar\u201d era sin\u00f3nimo de respeto, justicia, humildad, fidelidad, honor y sacrificio..)) el ((k\u00e1rate-do)) hace su aparici\u00f3n en Espa\u00f1a. De la misma manera que el judo, ech\u00f3 a andar de la mano de la Federaci\u00f3n Espa\u00f1ola de Lucha, la m\u00e1s tierna infancia de nuestro noble deporte marcial, el k\u00e1rate-do, tambi\u00e9n necesit\u00f3 cuidados especiales, cobijo y protecci\u00f3n antes de dar los primeros pasos con sus propios pies.<\/p><\/div>\n<\/td>\n<\/tr>\n<tr>\n<td colspan=\"2\" valign=\"middle\" height=\"192\">\n<div style=\"text-align: justify\" align=\"justify\">\u00a0 Era coherente, natural y hasta necesario que encontr\u00e1ramos al k\u00e1rate estrechamente vinculado a determinados hombres muy encumbrados en el mundo del judo y en el de los altos mandos militares.<\/div>\n<\/td>\n<td align=\"center\" valign=\"middle\">\u00a0<img class=\"lazyload\" decoding=\"async\" src=\"data:image\/svg+xml,%3Csvg%20xmlns%3D%27http%3A%2F%2Fwww.w3.org%2F2000%2Fsvg%27%20width%3D%27220%27%20height%3D%27146%27%20viewBox%3D%270%200%20220%20146%27%3E%3Crect%20width%3D%27220%27%20height%3D%27146%27%20fill-opacity%3D%220%22%2F%3E%3C%2Fsvg%3E\" data-orig-src=\"https:\/\/fexkarate.com\/wp-content\/uploads\/2014\/01\/espana2-2.jpg\" alt=\"\" \/><\/td>\n<\/tr>\n<tr>\n<td colspan=\"3\" valign=\"top\">\n<div align=\"justify\">\u00a0 Al amparo de estas dos s\u00faper disciplinas, entonces fuertemente conectadas con el poder pol\u00edtico y econ\u00f3mico del pa\u00eds, el k\u00e1rate consigui\u00f3 contrarrestar el poderoso efecto demoledor de las prohibiciones, la censura y la cr\u00edtica. A la par que las ciudades espa\u00f1olas se manten\u00edan impasibles ante el paso del tiempo, en las capitales punteras de Am\u00e9rica y de Europa el k\u00e1rate se debat\u00eda por hacerse con sitio, identidad y prestigio bajo la batuta de aventajados maestros y demostradores orientales. La espectacularidad de las exhibiciones, la excelencia de las t\u00e9cnicas, la potencia de los golpes, la virilidad y el misticismo del k\u00e1rate-do terminaron por llamar la atenci\u00f3n del p\u00fablico y, consecuentemente, de las otras artes marciales, ya establecidas lejos de sus cuarteles generales originales, y se produjo lo que era de esperar: un intercambio de conocimientos entre maestros de disciplinas afines, aunque s\u00f3lo fuera como acto de cortes\u00eda, caballerosidad y respeto. Aqu\u00ed es, precisamente, donde encontramos a dos espa\u00f1oles, extraordinarios como personas y excelentes como judokas, a los que el destino hab\u00eda reservado el dif\u00edcil encargo de introducir el k\u00e1rate en Espa\u00f1a, y as\u00ed lo hicieron. Los nombres de Manuel Palacios y Luis Zapatero est\u00e1n grabados a fuego en la historia del k\u00e1rate de Espa\u00f1a. Entre los a\u00f1os 1965 y 1970 llegan a Espa\u00f1a un gran n\u00famero de maestros orientales, especialmente coreanos y japoneses; los primeros se establecen mayoritariamente en Barcelona, mientras que los segundos preferir\u00edan afincarse en Madrid. Las primeras clases que impartir\u00edan, tanto los unos como los otros, ser\u00eda en gimnasios de judo. No est\u00e1 claro exactamente cuando se autoriza la ense\u00f1anza y la pr\u00e1ctica del k\u00e1rate en Espa\u00f1a de manera oficial, y es muy probable que este dato difiera de unas ciudades a otras; sin embargo, es a mediados de este quinquenio cuando se torga cierta libertad al k\u00e1rate, pero siempre bajo estrecho control y vigilancia. El Departamento Nacional del K\u00e1rate, dentro de la Federaci\u00f3n de Judo, cae por su propio peso all\u00e1 por el a\u00f1o 1968.<\/div>\n<\/td>\n<\/tr>\n<tr>\n<td align=\"center\" valign=\"middle\" width=\"345\" height=\"341\">\n<p style=\"margin: 0px 0px 10px\">\n<p>\u00a0<img class=\"lazyload\" decoding=\"async\" src=\"data:image\/svg+xml,%3Csvg%20xmlns%3D%27http%3A%2F%2Fwww.w3.org%2F2000%2Fsvg%27%20width%3D%27231%27%20height%3D%27100%27%20viewBox%3D%270%200%20231%20100%27%3E%3Crect%20width%3D%27231%27%20height%3D%27100%27%20fill-opacity%3D%220%22%2F%3E%3C%2Fsvg%3E\" data-orig-src=\"https:\/\/fexkarate.com\/wp-content\/uploads\/2014\/01\/espana3-2.jpg\" alt=\"\" \/><\/p>\n<p style=\"margin: 0px 0px 10px\">\u00a0<\/p>\n<p style=\"margin: 0px 0px 10px\"><img class=\"lazyload\" decoding=\"async\" src=\"data:image\/svg+xml,%3Csvg%20xmlns%3D%27http%3A%2F%2Fwww.w3.org%2F2000%2Fsvg%27%20width%3D%27228%27%20height%3D%27150%27%20viewBox%3D%270%200%20228%20150%27%3E%3Crect%20width%3D%27228%27%20height%3D%27150%27%20fill-opacity%3D%220%22%2F%3E%3C%2Fsvg%3E\" data-orig-src=\"https:\/\/fexkarate.com\/wp-content\/uploads\/2014\/01\/espana4-2.jpg\" alt=\"\" \/><\/p>\n<\/td>\n<td colspan=\"2\" valign=\"middle\">\n<div align=\"justify\">\u00a0 El d\u00eda 2 de mayo de 1970 tuvo lugar en el polideportivo del INEF de Madrid el 1er Campeonato de Espa\u00f1a de K\u00e1rate. Este acontecimiento cambiar\u00eda por completo el rumbo del k\u00e1rate: el deporte, con sus aciertos y sus errores, irrumpir\u00eda en la\u00a0\u00a0 mon\u00e1stica vida de los karatekas de aquel entonces. Lo importante de este campeonato fue la toma de contacto entre karatekas de distintas federaciones territoriales; tambi\u00e9n el p\u00fablico abarrot\u00f3 las gradas y las autoridades pol\u00edtico deportivas nos honraron con su presencia;la fase final fue presidida por Su Alteza el Pr\u00edncipe de Espa\u00f1a, acompa\u00f1ado del delegado nacional de Educaci\u00f3n F\u00edsica y Deportes , D. Juan Antonio Samaranch; ministro de Educaci\u00f3n y Ciencia, Sr. Villar Palas\u00ed; ex ministro de Trabajo, Romero Gorr\u00eda; Director de Deportes, Esteban Ascensi\u00f3n; Director de Juntas de Educaci\u00f3n F\u00edsica y Director del Instituto Nacional de Educaci\u00f3n F\u00edsica, D. Jos\u00e9 M\u00aa Carigal. Su Alteza Real, hoy Su Majestad el Rey de Espa\u00f1a Don Juan Carlos, hizo entrega de los trofeos a los campeones y estuvo un buen rato cambiando impresiones con los karatekas participantes, demostrando un profundo conocimiento del k\u00e1rate, ya que en esta fecha tan se\u00f1alada el Pr\u00edncipe ostentaba el \u00abcintur\u00f3n negro\u00bb 2\u00ba dan.<\/div>\n<\/td>\n<\/tr>\n<tr>\n<td colspan=\"3\" valign=\"top\">\n<div align=\"justify\">\u00a0 Con posterioridad a este 1er Campeonato de Espa\u00f1a, el K\u00e1rate crece de forma continua e imparable llegando a la cifra de 65.000 federados el a\u00f1o de su segregaci\u00f3n de la Federaci\u00f3n Espa\u00f1ola de Judo y constituci\u00f3n como Federaci\u00f3n Espa\u00f1ola de K\u00e1rate el 7 de abril de 1978. La practica masiva del k\u00e1rate es ya un hecho consumado y los frutos deportivos a nivel internacional no tardan en llegar en 1980 y con ocasi\u00f3n del 1er Campeonato del Mundo celebrado en Espa\u00f1a (Madrid) el equipo espa\u00f1ol de kumite masculino obtiene por primera vez en su historia la medalla de oro que junto a otras 2 de oro, 1 de plata y 5 de bronce convierten a Espa\u00f1a en referente mundial de este deporte.<\/p>\n<p><\/div>\n<\/td>\n<\/tr>\n<tr>\n<td colspan=\"2\" valign=\"middle\" height=\"334\">\n<div align=\"justify\">\n<p style=\"margin: 0px 0px 10px\">\u00a0 Los \u00e9xitos de nuestros karatecas han ido sucedi\u00e9ndose desde entonces, convirtiendo a Espa\u00f1a en potencia mundial de todas las modalidades y pruebas, pues tambi\u00e9n las mujeres con su incorporaci\u00f3n como prueba por equipos de kumite han alcanzado la\u00a0\u00a0 cima del podium, al proclamarse Campeonas del Mundo en 1994 (Malasia) sumando m\u00e1s metales al amplio medallero espa\u00f1ol.<\/p>\n<p style=\"margin: 0px 0px 10px\">Un deportista, sin embargo, ha marcado la diferencia en este siglo tanto en Espa\u00f1a como en el Mundo, sus tres medallas de oro consecutivas en la prueba individual de kumite masculino junto a la tambi\u00e9n obtenida por equipos en Granada el a\u00f1o 1992 donde se celebr\u00f3 el IX Campeonato del Mundo le acreditan como el mejor karateca de todos los tiempos, su nombre es Jos\u00e9 Manuel Egea C\u00e1ceres.<\/p>\n<\/div>\n<\/td>\n<td align=\"center\" valign=\"middle\">\u00a0<img class=\"lazyload\" decoding=\"async\" src=\"data:image\/svg+xml,%3Csvg%20xmlns%3D%27http%3A%2F%2Fwww.w3.org%2F2000%2Fsvg%27%20width%3D%27211%27%20height%3D%27300%27%20viewBox%3D%270%200%20211%20300%27%3E%3Crect%20width%3D%27211%27%20height%3D%27300%27%20fill-opacity%3D%220%22%2F%3E%3C%2Fsvg%3E\" data-orig-src=\"https:\/\/fexkarate.com\/wp-content\/uploads\/2014\/01\/espana5-2.jpg\" alt=\"\" \/><\/td>\n<\/tr>\n<tr>\n<td colspan=\"3\" valign=\"top\">\n<div align=\"justify\">\u00a0 Este deportista de cualidades innatas para la pr\u00e1ctica del karate se ha convertido en \u00eddolo a imitar por la enorme cantera de que dispone nuestro Pa\u00eds y que nos permite contemplar el futuro con la esperanza de ver a algunos de nuestros deportistas en el podium de unos Juegos Ol\u00edmpicos.<\/p>\n<p>\u00a0 Tambi\u00e9n en ese \u00e1mbito, el de los Juegos Ol\u00edmpicos, el K\u00e1rate espa\u00f1ol del siglo XX ha aportado y contribuido de forma excepcional su esfuerzo estructural y humano.\u00a0<\/p>\n<p><\/div>\n<\/td>\n<\/tr>\n<tr>\n<td colspan=\"2\" valign=\"middle\" height=\"127\">\n<p style=\"margin: 0px 0px 10px\" align=\"justify\">\u00a0 En octubre de 1998 el Congreso de la Federaci\u00f3n Mundial de K\u00e1rate (W.K.F.) eligi\u00f3 por aplastante mayor\u00eda al espa\u00f1ol D. Antonio Espin\u00f3s Ortueta, Presidente de este Organismo cargo al que accedi\u00f3 tras a\u00f1os de trabajo en otros puestos relevantes del k\u00e1rate internacional.<\/p>\n<p style=\"margin: 0px 0px 10px\" align=\"justify\">Desde ese momento el esfuerzo del Presidente de la W.K.F., apoyado de forma total y absoluta por la Federaci\u00f3n Espa\u00f1ola de Karate y a trav\u00e9s del actual Presidente D. Faustino Soria Morales, est\u00e1 centrado en la participaci\u00f3n del karate en los Juegos de Atenas del a\u00f1o 2004 habi\u00e9ndose conseguido como paso previo y fundamental el reconocimiento definitivo del Comit\u00e9 Ol\u00edmpico Internacional en su Sesi\u00f3n del 17 y 18 de junio de 1999 en Se\u00fal.<\/p>\n<\/td>\n<td align=\"center\" valign=\"middle\"><img class=\"lazyload\" decoding=\"async\" src=\"data:image\/svg+xml,%3Csvg%20xmlns%3D%27http%3A%2F%2Fwww.w3.org%2F2000%2Fsvg%27%20width%3D%27200%27%20height%3D%2797%27%20viewBox%3D%270%200%20200%2097%27%3E%3Crect%20width%3D%27200%27%20height%3D%2797%27%20fill-opacity%3D%220%22%2F%3E%3C%2Fsvg%3E\" data-orig-src=\"https:\/\/fexkarate.com\/wp-content\/uploads\/2014\/01\/espana6-2.jpg\" alt=\"\" \/><\/td>\n<\/tr>\n<\/tbody>\n<\/table>\n","protected":false},"excerpt":{"rendered":"<p>\u00a0Hace tan s\u00f3lo unos ocho lustros, quiz\u00e1 algo m\u00e1s de cuarenta a\u00f1os, nadie o casi nadie practicaba karate en Espa\u00f1a, y si se practicaba, a nosotros no nos ha llegado el menor rastro de ello, salvo dos casos excepcionales que presentamos m\u00e1s adelante. En aquella \u00e9poca, nuestras mentalidades, nuestras potencialidades y nuestras fronteras no apuntaban&hellip;<\/p>\n","protected":false},"author":2,"featured_media":0,"parent":0,"menu_order":0,"comment_status":"closed","ping_status":"closed","template":"","meta":{"footnotes":""},"class_list":["post-3563","page","type-page","status-publish","hentry"],"_hostinger_reach_plugin_has_subscription_block":false,"_hostinger_reach_plugin_is_elementor":false,"_links":{"self":[{"href":"https:\/\/fexkarate.com\/index.php?rest_route=\/wp\/v2\/pages\/3563","targetHints":{"allow":["GET"]}}],"collection":[{"href":"https:\/\/fexkarate.com\/index.php?rest_route=\/wp\/v2\/pages"}],"about":[{"href":"https:\/\/fexkarate.com\/index.php?rest_route=\/wp\/v2\/types\/page"}],"author":[{"embeddable":true,"href":"https:\/\/fexkarate.com\/index.php?rest_route=\/wp\/v2\/users\/2"}],"replies":[{"embeddable":true,"href":"https:\/\/fexkarate.com\/index.php?rest_route=%2Fwp%2Fv2%2Fcomments&post=3563"}],"version-history":[{"count":1,"href":"https:\/\/fexkarate.com\/index.php?rest_route=\/wp\/v2\/pages\/3563\/revisions"}],"predecessor-version":[{"id":3570,"href":"https:\/\/fexkarate.com\/index.php?rest_route=\/wp\/v2\/pages\/3563\/revisions\/3570"}],"wp:attachment":[{"href":"https:\/\/fexkarate.com\/index.php?rest_route=%2Fwp%2Fv2%2Fmedia&parent=3563"}],"curies":[{"name":"wp","href":"https:\/\/api.w.org\/{rel}","templated":true}]}}