{"id":3571,"date":"2014-01-06T18:46:28","date_gmt":"2014-01-06T17:46:28","guid":{"rendered":"https:\/\/fexkarate.com\/historia-del-karate-do-en-extremadura\/"},"modified":"2026-03-31T11:08:18","modified_gmt":"2026-03-31T10:08:18","slug":"historia-del-karate-do-en-extremadura","status":"publish","type":"page","link":"https:\/\/fexkarate.com\/?page_id=3571","title":{"rendered":"Historia del Karate-do en Extremadura"},"content":{"rendered":"<table style=\"max-width: 100%;border-collapse: collapse;border-spacing: 0px;color: #333333;font-family: 'Helvetica Neue', Helvetica, Arial, sans-serif;font-size: 14px;line-height: 20px\" cellspacing=\"0\" cellpadding=\"0\">\n<tbody>\n<tr>\n<td colspan=\"3\" valign=\"top\" height=\"128\">\n<div align=\"justify\">La Federaci\u00f3n Extreme\u00f1a de Karate es una Entidad Deportiva sin \u00e1nimo de lucro, registrada en la Direcci\u00f3n General de Deportes de la Junta de Extremadura con fecha 10 de marzo de 1988. Hasta finales del a\u00f1o 2005 tuvo su sede en C\u00e1ceres, en la \u201cCasa del Deporte\u201d, de la Calle Reval. Traslad\u00e1ndose en enero de 2006 a su actual domicilio en el Pabell\u00f3n Multiusos \u201cCiudad de C\u00e1ceres\u201d en la Avda. Pierre de Coubert\u00edn s\/n.<\/p>\n<p>Con fecha 29 de enero de 1987 se cumplimenta el Acta Fundacional de la Federaci\u00f3n Extreme\u00f1a de Karate y Disciplinas Asociadas, figurando como promotores en dicha Acta los se\u00f1ores: D. Antonio D\u00cdAZ CRESPO, D. Leandro D\u00cdAZ CRESPO, D. Jos\u00e9 Luis PEDRERA ZAMORANO y D. Daniel TIM\u00d3N CAPEROTE, present\u00e1ndose instancia de Registro ante la Consejer\u00eda de Educaci\u00f3n y Cultura de la Junta de Extremadura en enero de 1988.<\/p>\n<\/div>\n<\/td>\n<td width=\"6\">\u00a0<\/td>\n<\/tr>\n<tr>\n<td colspan=\"2\" valign=\"middle\" height=\"469\">\n<p style=\"margin: 0px 0px 10px\" align=\"justify\">Con fecha 15 de marzo de 1988, el entonces Director General de Juventud y Deportes, D. Jos\u00e9 ALVARADO GRANDE en virtud de lo preceptuado en el Decreto 50\/1985 de 8 de octubre y el Decreto 4\/1986 de 27 de enero por el que se regulaban las actividades de las actividades de las Federaciones Deportivas Extreme\u00f1as, resuelve aprobar la inscripci\u00f3n de la Federaci\u00f3n Extreme\u00f1a de Karate y D.A. con el N\u00famero 31 de Registro, visando y aprobando por tanto, sus Estatutos.<\/p>\n<p style=\"margin: 0px 0px 10px\" align=\"justify\">\u00a0<\/p>\n<p style=\"margin: 0px 0px 10px\" align=\"justify\">Posteriormente el 30 de junio de 1999 y en virtud de lo requerido por el Decreto de 29\/1988 de 17 de marzo que regula el Registro General de Entidades Deportivas de Extremadura, el entonces Director General de Deportes, D. Alejandro HIDALGO MANCHADO resuelve la inscripci\u00f3n de la Federaci\u00f3n Extreme\u00f1a de Karate y D.A. en el citado Registro con el n\u00famero de Registro: FE6, habi\u00e9ndose aprobado previamente, el d\u00eda 6 de junio de 1999, por unanimidad de la Asamblea General de la Federaci\u00f3n Extreme\u00f1a de Karate y D.A. el cambio de Estatutos pertinente, para adaptarlos a la nueva legislaci\u00f3n.<\/p>\n<\/td>\n<td align=\"center\" valign=\"middle\" width=\"311\">\n<p style=\"margin: 0px 0px 10px\"><img class=\"lazyload\" decoding=\"async\" src=\"data:image\/svg+xml,%3Csvg%20xmlns%3D%27http%3A%2F%2Fwww.w3.org%2F2000%2Fsvg%27%20width%3D%27162%27%20height%3D%27122%27%20viewBox%3D%270%200%20162%20122%27%3E%3Crect%20width%3D%27162%27%20height%3D%27122%27%20fill-opacity%3D%220%22%2F%3E%3C%2Fsvg%3E\" data-orig-src=\"https:\/\/fexkarate.com\/wp-content\/uploads\/2014\/01\/podium2-2.jpg\" alt=\"\" \/><br \/><span class=\"Estilo7\">Campeonato Internacional de karate en Portugal 2005<\/span><\/p>\n<p style=\"margin: 0px 0px 10px\"><img class=\"lazyload\" decoding=\"async\" src=\"data:image\/svg+xml,%3Csvg%20xmlns%3D%27http%3A%2F%2Fwww.w3.org%2F2000%2Fsvg%27%20width%3D%27203%27%20height%3D%27152%27%20viewBox%3D%270%200%20203%20152%27%3E%3Crect%20width%3D%27203%27%20height%3D%27152%27%20fill-opacity%3D%220%22%2F%3E%3C%2Fsvg%3E\" data-orig-src=\"https:\/\/fexkarate.com\/wp-content\/uploads\/2014\/01\/curso_wado-2.jpg\" alt=\"\" \/><br \/><span class=\"Estilo7\">Curso katas SHITEI DE WADO-RYU<\/span><\/p>\n<\/td>\n<td>\u00a0<\/td>\n<td>\u00a0<\/td>\n<\/tr>\n<tr>\n<td align=\"center\" valign=\"middle\" width=\"339\" height=\"252\"><img class=\"lazyload\" decoding=\"async\" src=\"data:image\/svg+xml,%3Csvg%20xmlns%3D%27http%3A%2F%2Fwww.w3.org%2F2000%2Fsvg%27%20width%3D%27170%27%20height%3D%27166%27%20viewBox%3D%270%200%20170%20166%27%3E%3Crect%20width%3D%27170%27%20height%3D%27166%27%20fill-opacity%3D%220%22%2F%3E%3C%2Fsvg%3E\" data-orig-src=\"https:\/\/fexkarate.com\/wp-content\/uploads\/2014\/01\/podium-2.jpg\" alt=\"\" \/><br \/><span class=\"Estilo7\">David Fern\u00e1ndez Luis<br \/>Campe\u00f3n de Espa\u00f1a de Kumite<\/span><\/td>\n<td colspan=\"2\" valign=\"middle\">\n<div align=\"justify\">Sin embargo la historia de la Federaci\u00f3n Extreme\u00f1a de Karate comienza unos a\u00f1os antes siendo dirigida en sus primeros pasos por D. Rafael FRANCO VALLE, alumno de D. Domingo MART\u00cdNEZ GARC\u00cdA, desde el \u201cGimnasio Shotokan\u201d de C\u00e1ceres, propiedad de este \u00faltimo.<\/p>\n<\/div>\n<\/td>\n<td>\u00a0<\/td>\n<\/tr>\n<tr>\n<td colspan=\"2\" valign=\"top\" height=\"80\">\n<div align=\"justify\">Lo pioneros del karate en Extremadura fueron D. Jos\u00e9 Mar\u00eda SALDA\u00d1A S\u00c1NCHEZ que ense\u00f1o la Escuela Shotokan en M\u00e9rida. D. Domingo MART\u00cdNEZ GARC\u00cdA que ense\u00f1\u00f3 la Escuela Shotokan en C\u00e1ceres. D. Alfredo GOLPE, Ingeniero que particip\u00f3 en la construcci\u00f3n de la Central Nuclear de Almaraz, y que durante su estancia en Extremadura, ense\u00f1\u00f3 la Escuela Wado-Ryu en Navalmoral de la Mata. D. Antonio ANDR\u00c9S CORROCHANO que ense\u00f1\u00f3 la Escuela Goyu-Ryu en Trujillo y D. Daniel TIM\u00d3N CAPEROTE que ense\u00f1\u00f3 la Escuela Shito-Ryu en Villanueva de la Vera y C\u00e1ceres.<\/div>\n<\/td>\n<td align=\"center\" valign=\"middle\" width=\"339\" height=\"252\"><img class=\"lazyload\" decoding=\"async\" src=\"data:image\/svg+xml,%3Csvg%20xmlns%3D%27http%3A%2F%2Fwww.w3.org%2F2000%2Fsvg%27%20width%3D%27170%27%20height%3D%27128%27%20viewBox%3D%270%200%20170%20128%27%3E%3Crect%20width%3D%27170%27%20height%3D%27128%27%20fill-opacity%3D%220%22%2F%3E%3C%2Fsvg%3E\" data-orig-src=\"https:\/\/fexkarate.com\/wp-content\/uploads\/2014\/01\/presidenteEsp-2.jpg\" alt=\"\" \/><br \/><span class=\"Estilo7\">Daniel Tim\u00f3n y Jos\u00e9 Mar\u00eda Garc\u00eda<br \/>junto al nuevo presidente de la\u00a0<br \/>Federaci\u00f3n Espa\u00f1ola<br \/>Antonio Moreno<\/span><\/td>\n<\/tr>\n<\/tbody>\n<\/table>\n","protected":false},"excerpt":{"rendered":"<p>La Federaci\u00f3n Extreme\u00f1a de Karate es una Entidad Deportiva sin \u00e1nimo de lucro, registrada en la Direcci\u00f3n General de Deportes de la Junta de Extremadura con fecha 10 de marzo de 1988. Hasta finales del a\u00f1o 2005 tuvo su sede en C\u00e1ceres, en la \u201cCasa del Deporte\u201d, de la Calle Reval. Traslad\u00e1ndose en enero de&hellip;<\/p>\n","protected":false},"author":2,"featured_media":0,"parent":0,"menu_order":0,"comment_status":"closed","ping_status":"closed","template":"","meta":{"footnotes":""},"class_list":["post-3571","page","type-page","status-publish","hentry"],"_hostinger_reach_plugin_has_subscription_block":false,"_hostinger_reach_plugin_is_elementor":false,"_links":{"self":[{"href":"https:\/\/fexkarate.com\/index.php?rest_route=\/wp\/v2\/pages\/3571","targetHints":{"allow":["GET"]}}],"collection":[{"href":"https:\/\/fexkarate.com\/index.php?rest_route=\/wp\/v2\/pages"}],"about":[{"href":"https:\/\/fexkarate.com\/index.php?rest_route=\/wp\/v2\/types\/page"}],"author":[{"embeddable":true,"href":"https:\/\/fexkarate.com\/index.php?rest_route=\/wp\/v2\/users\/2"}],"replies":[{"embeddable":true,"href":"https:\/\/fexkarate.com\/index.php?rest_route=%2Fwp%2Fv2%2Fcomments&post=3571"}],"version-history":[{"count":1,"href":"https:\/\/fexkarate.com\/index.php?rest_route=\/wp\/v2\/pages\/3571\/revisions"}],"predecessor-version":[{"id":3576,"href":"https:\/\/fexkarate.com\/index.php?rest_route=\/wp\/v2\/pages\/3571\/revisions\/3576"}],"wp:attachment":[{"href":"https:\/\/fexkarate.com\/index.php?rest_route=%2Fwp%2Fv2%2Fmedia&parent=3571"}],"curies":[{"name":"wp","href":"https:\/\/api.w.org\/{rel}","templated":true}]}}