{"id":3577,"date":"2014-01-06T19:00:33","date_gmt":"2014-01-06T18:00:33","guid":{"rendered":"https:\/\/fexkarate.com\/historia-del-karate-shotokan-en-extremadura\/"},"modified":"2026-03-31T11:08:18","modified_gmt":"2026-03-31T10:08:18","slug":"historia-del-karate-shotokan-en-extremadura","status":"publish","type":"page","link":"https:\/\/fexkarate.com\/?page_id=3577","title":{"rendered":"Historia del Karate Shotokan en Extremadura"},"content":{"rendered":"<table style=\"max-width: 100%;border-collapse: collapse;border-spacing: 0px;color: #333333;font-family: 'Helvetica Neue', Helvetica, Arial, sans-serif;font-size: 14px;line-height: 20px\" cellspacing=\"0\" cellpadding=\"0\">\n<tbody>\n<tr>\n<td colspan=\"2\" valign=\"top\">\n<div align=\"justify\">Sus comienzos est\u00e1n a mediados de la d\u00e9cada de los 70, cuando DOMINGO MART\u00cdNEZ GARC\u00cdA (nacido en Ibahernando , municipio de C\u00e1ceres), empieza a impartir clases en C\u00e1ceres Capital (Gimnasio Shotokan Ichi). \u00c9ste es el pionero del karate en Extremadura (aunque anecd\u00f3ticamente tengo conocimiento que existe en Badajoz una foto del siglo pasado, donde se ven a unos ni\u00f1os realizando ataques de pu\u00f1os, y vestidos con una especie de \u201cpololos\u201d, mientras son dirigidos por un monje; esta foto se encontr\u00f3 en un Monasterio de la Provincia de C\u00e1ceres.<\/p>\n<\/div>\n<\/td>\n<\/tr>\n<tr>\n<td valign=\"middle\" height=\"424\">\n<div align=\"justify\">En el a\u00f1o 1978 empieza a dar clases en Badajoz Capital y alterna \u00e9stas con las clases en C\u00e1ceres. Adem\u00e1s realiza incursiones como docente en Ciudad Real, de donde salen algunos karatecas de renombre.<br \/>Los comienzos de DOMINGO MART\u00cdNEZ GARC\u00cdA, en las artes marciales no son muy claros, pero seg\u00fan cuenta el mismo, se remontan a finales de los 60, mientras que trabajaba en alg\u00fan puerto marinero del Sahara Espa\u00f1ol, donde tuvo contactos con un chino que le ense\u00f1anza t\u00e9cnicas de KungFu.<\/p>\n<\/div>\n<\/td>\n<td valign=\"middle\">\n<div align=\"center\"><img class=\"lazyload\" decoding=\"async\" src=\"data:image\/svg+xml,%3Csvg%20xmlns%3D%27http%3A%2F%2Fwww.w3.org%2F2000%2Fsvg%27%20width%3D%27142%27%20height%3D%27189%27%20viewBox%3D%270%200%20142%20189%27%3E%3Crect%20width%3D%27142%27%20height%3D%27189%27%20fill-opacity%3D%220%22%2F%3E%3C%2Fsvg%3E\" data-orig-src=\"https:\/\/fexkarate.com\/wp-content\/uploads\/2014\/01\/entrenamiento-2.jpg\" alt=\"\" \/><\/div>\n<div align=\"center\"><span class=\"Estilo6\">Entrenamiento de la Selecci\u00f3n en el Multiusos de C\u00e1ceres<\/span><\/div>\n<\/td>\n<\/tr>\n<tr>\n<td colspan=\"2\" valign=\"top\">\n<div align=\"justify\">\n<p style=\"margin: 0px 0px 10px\">Posteriormente, y ya en la Pen\u00ednsula, entrena con varias personas, entre ellos con Jos\u00e9 Mar\u00eda Salda\u00f1a en Navarra, karateca antiguo, que tuvo sus or\u00edgenes en este arte en Francia, donde, seg\u00fan sus palabras, ya era 1\u00ba Dan, cuando en Espa\u00f1a no hab\u00eda aun Cinturones Negros.\u00a0<\/p>\n<p>Igualmente entrena en Madrid bajo la tutela de Antonio Oliva.<\/p>\n<p>Llega hasta 2\u00ba Dan de Karate (aunque tambi\u00e9n es conocedor e incluso C. Negro en otras disciplinas marciales).\u00a0<\/p>\n<p>Entre los alumnos de la primera \u00e9poca de ense\u00f1anza en C\u00e1ceres, no queda pr\u00e1cticamente nadie en activo, cabe mencionar a Rafael Franco que aunque ya no est\u00e1 en activo, es nombrado por que fue el primer presidente de la Federaci\u00f3n (aunque antes era un cargo meramente figurativo), de una segunda \u00e9poca, est\u00e1n entre otros; Adela Dur\u00e1n Iglesias que aunque s\u00f3lo practic\u00f3 karate durante un par de a\u00f1os, merece la menci\u00f3n ya que fue la primera y \u00fanica Secretaria que la Federaci\u00f3n ha tenido, y que aun sigue como tal. Agust\u00edn Mogena (primer 5\u00ba Dan de nuestra Regi\u00f3n) &#8211; Gimnasio Fratres en C\u00e1ceres-, competidor habitual de kumite de la Selecci\u00f3n Extreme\u00f1a durante varios a\u00f1os, fue seleccionador de kumite durante los finales de los 80, pasando posteriormente a ser Vicepresidente y finalmente Director T\u00e9cnico (departamento que actualmente dirige e igualmente fue el Director del extinguido Departamento de Kobudo). Entre los alumnos de \u00e9ste, que meren destacar por su relevancia federativa se encuentran: Rafael Acebes (3\u00ba Dan), siendo uno de los componentes del equipo de kumite j\u00fanior extreme\u00f1o que consegu\u00eda medalla en un campeonato de Espa\u00f1a (3\u00ba en el Campeonato de 1996), y que fue el seleccionador de kumite regional durante el final de los 90; y Jose M\u00aa Mart\u00ednez (4\u00ba Dan) actual seleccionador de Kumite de nuestra Selecci\u00f3n.<\/p>\n<p>Javier Mendoza (3\u00ba Dan) \u00e9ste \u00faltimo fue competidor habitual de la Selecci\u00f3n Regional durante algunos a\u00f1os.- Gimnasio Norba en C\u00e1ceres, cerrado durante el a\u00f1o 2005-.<\/p>\n<p>Entre los alumnos m\u00e1s destacados de la primera \u00e9poca en Badajoz (Gimnasio Shotokan Ni) se encuentran Pedro Mart\u00edn (4\u00ba Dan) actualmente imparte clases en el Centro Ken sin kan Dojo de Badajoz, Enrique Morales (2\u00ba Dan), competidor habitual de la Selecci\u00f3n de kumite durante varios a\u00f1os, y seleccionador de kumite entre durante varios a\u00f1os en la d\u00e9cada de los 90 (posteriormente dej\u00f3 de practicar karate); Fco. Comer\u00f3n (3\u00ba Dan) que fue uno de nuestros mejores representantes de katas durante algunos a\u00f1os, siendo aunque s\u00f3lo sea anecd\u00f3tico, el primer extreme\u00f1o que consegu\u00ed pasar la primera eliminatoria de un Campeonato de Espa\u00f1a de katas; Jos\u00e9 Manuel Sanabria (3\u00ba Dan), Pablo Gonz\u00e1lez (afincado ahora en Madrid) y terminar\u00eda dedic\u00e1ndose a otros estilos de lucha de forma profesional (savate, full-contac) donde llegar\u00eda a ser Campe\u00f3n de Europa ; Rafael Hern\u00e1n-Sanz (1\u00ba Dan), que llevar\u00eda m\u00e1s tarde las Escuelas Municipales de karate en Badajoz.<\/p>\n<p>DOMINGO MART\u00cdNEZ, adem\u00e1s realiz\u00f3 cursillos y seguimiento t\u00e9cnico en varias localidades importantes de Extremadura, donde salieron karatecas que ten\u00edan el m\u00e9rito de haber sido medio autodidactas, a saber:<\/p>\n<p>En Plasencia, de donde surgi\u00f3 Julio Gonz\u00e1lez (2\u00ba Dan)- Gimnasio Shotokan San-, que fuera Director T\u00e9cnico durante los finales de los 80. Alumno de este es \u00c1ngel Lu\u00eds Cobos (1\u00ba Dan), que tras montar su propio Gimnasio, al cabo de los a\u00f1os se marcha a Madrid dejando el karate, pero deja algunos alumnos, que m\u00e1s tarde proseguir\u00e1n con este arte, como es el caso de Antonio Mart\u00edn Tom\u00e9 (4\u00ba Dan), que fuera uno de nuestros mejores competidores de Katas.<\/p>\n<p>En M\u00e9rida, donde posteriormente se afinc\u00f3 Jos\u00e9 M. Salda\u00f1a (antes mencionado), y de donde saldr\u00edan alumnos importantes entre ellos: Antonio Mart\u00edn (1\u00ba Dan), que dirigi\u00f3 dicho gimnasio hasta la llegada de Jose M. Salda\u00f1a, y que m\u00e1s tarde dejar\u00eda el karate; Fco. D\u00edaz Barbosa (4\u00ba Dan) \u2013Gimnasio Shotokan-, que ser\u00eda a la marcha de Jos\u00e9 M. Salda\u00f1a quien dirigir\u00eda dicho gimnasio, \u00e9ste fue el primer Director de Arbitraje (durante los primeros a\u00f1os de los 90), desde mediados del 2005, es el director del Tribunal Regional de Grados; de este club salen importantes competidores de nuestra Regional como: David Guerra (3\u00ba Dan) siendo uno de los componentes del equipo extreme\u00f1o junior que qued\u00f3 3\u00ba en el Campeonato de 1996, y que desde el 2002 hasta el 2004 fue el seleccionador de katas de nuestra Regional; as\u00ed como Celia D\u00edaz, que adem\u00e1s es la hija de \u00e9ste, teniendo el m\u00e9rito de haber sido la primera Extreme\u00f1a que consigue uno de los tres primeros puestos en un Campeonato de Espa\u00f1a (2\u00aa Clasificada en el Campeonato de Espa\u00f1a Infantil de 1996). Pedro Naranjo (3\u00aa Dan) \u2013Lusitania Gym-, que ser\u00eda Director del Tribunal Regional de Grados durante finales de los 90, y seleccionador de katas de nuestra Regional (su hija Maria del Valle Naranjo ser\u00eda la primera chica extreme\u00f1a que conseguir\u00eda una medalla de oro en kumite femenino en el a\u00f1o 2003, en la categor\u00eda Cadete) Jose Manuel Serv\u00e1n (2\u00ba Dan), fue nuestro segundo Director de la Escuela de Preparadores, el primero Ser\u00eda Jos\u00e9 Lu\u00eds Barruecos, M\u00e9dico traumat\u00f3logo el cual alcanz\u00f3 el 2\u00ba Dan, en un principio entrenar\u00eda Shotokan con Domingo Mart\u00ednez, para pasar a realizar Shito Ryu con Daniel Tim\u00f3n. Aunque ya no practica karate, suele ejercer ocasionalmente de M\u00e9dico en los Ex\u00e1menes del Tribunal Nacional de Grados.<\/p>\n<p>En Villanueva de la Serena donde se fundan varios gimnasios dirigidos por Benito Mera (2\u00ba Dan) \u2013Gimnasio Okinawa- y Manuel G\u00f3mez Cabanillas( 4\u00ba Dan) \u2013Gimnasio Yoshitaka- (que fuera el primer director del reciente Departamento de Tai jitsu, y nuestro primer Dan, desde que se formara dicho departamento a principios del 2000), siendo este \u00faltimo el profesor de karatecas que difundir\u00e1n posteriormente el Shotokan como profesores destacados, a saber: Antonio G\u00f3mez- Valad\u00e9s (4\u00ba Dan)- actualmente el Gimnasio Shotokan de D. Benito-, competidor de katas de esta Regional durante algunos a\u00f1os, siendo desde 1995 hasta 2004 el Director de Arbitraje de la Federaci\u00f3n, y el primer arbitro y juez nacional extreme\u00f1o, entre sus alumnos est\u00e1 su propio hijo, Juan Miguel (2\u00ba Dan), que ser\u00eda el primer extreme\u00f1o en conseguir una medalla en kumite en un Campeonato de Espa\u00f1a, cuando era juvenil ( 3\u00ba puesto); Agust\u00edn Carmona (3\u00ba Dan)- Gimnasio el Cristo-, Fco. Hidalgo (3\u00ba Dan)- Gimnasio Lares- actualmente Seleccionador de Katas de nuestra Federaci\u00f3n, teniendo como alumno a uno de nuestros mejores competidores de katas, adem\u00e1s de ser su hijo Paco Hidalgo (2\u00ba Dan), siendo el primer extreme\u00f1o que consegu\u00eda clasificarse en una final de katas en un campeonato de Espa\u00f1a, concretamente en 1994 en Alevines (5\u00ba Puesto), y alcanzando la medalla de plata como Cadete en el 2001; Tambi\u00e9n entre los alumnos de aquel se encuentra Juan Diego S\u00e1nchez (4\u00ba Dan)- Gimnasio Sankai en Valdivia-.<\/p>\n<p>En Don Benito crea un Gimnasio Jos\u00e9 E. Nieto (2\u00ba Dan)-Gimnasio Shotokan -. El cual ser\u00eda Vicepresidente de la F.Ex.K. durante los primeros a\u00f1os del nuevo siglo.<\/p>\n<p>En Almendralejo donde tiene sus comienzos y continuidad Rafael Galindo Maganez (2\u00ba Dan) \u2013Gimnasio Shotokan-, que tras dejar la Federaci\u00f3n Espa\u00f1ola de Karate para introducirse en la S.K.I., retorna de nuevo a la misma en el a\u00f1o 1990, \u00e9ste ser\u00eda Vicepresidente de nuestra Federaci\u00f3n durante algunos a\u00f1os en la d\u00e9cada de los 90.<\/p>\n<p>DOMINGO MART\u00cdNEZ GARC\u00cdA abandona la F.E.K. durante la segunda d\u00e9cada de los 80 para introducirse en otras asociaciones, aunque sigue sus ense\u00f1anzas del karate, aikido, taichi, y especialmente dedicado a la terapia del masaje, acupuntura, medicina china, etc., mientras que todos sus alumnos ya independizados siguen su trayectoria docente dentro de la Federaci\u00f3n Extreme\u00f1a de Karate.<\/p>\n<p class=\"Estilo4\" style=\"margin: 0px 0px 10px\" align=\"center\">Autor: Agust\u00edn Mogena Miranda<\/p>\n<\/div>\n<\/td>\n<\/tr>\n<\/tbody>\n<\/table>\n","protected":false},"excerpt":{"rendered":"<p>Sus comienzos est\u00e1n a mediados de la d\u00e9cada de los 70, cuando DOMINGO MART\u00cdNEZ GARC\u00cdA (nacido en Ibahernando , municipio de C\u00e1ceres), empieza a impartir clases en C\u00e1ceres Capital (Gimnasio Shotokan Ichi). \u00c9ste es el pionero del karate en Extremadura (aunque anecd\u00f3ticamente tengo conocimiento que existe en Badajoz una foto del siglo pasado, donde se&hellip;<\/p>\n","protected":false},"author":2,"featured_media":0,"parent":0,"menu_order":0,"comment_status":"closed","ping_status":"closed","template":"","meta":{"footnotes":""},"class_list":["post-3577","page","type-page","status-publish","hentry"],"_hostinger_reach_plugin_has_subscription_block":false,"_hostinger_reach_plugin_is_elementor":false,"_links":{"self":[{"href":"https:\/\/fexkarate.com\/index.php?rest_route=\/wp\/v2\/pages\/3577","targetHints":{"allow":["GET"]}}],"collection":[{"href":"https:\/\/fexkarate.com\/index.php?rest_route=\/wp\/v2\/pages"}],"about":[{"href":"https:\/\/fexkarate.com\/index.php?rest_route=\/wp\/v2\/types\/page"}],"author":[{"embeddable":true,"href":"https:\/\/fexkarate.com\/index.php?rest_route=\/wp\/v2\/users\/2"}],"replies":[{"embeddable":true,"href":"https:\/\/fexkarate.com\/index.php?rest_route=%2Fwp%2Fv2%2Fcomments&post=3577"}],"version-history":[{"count":1,"href":"https:\/\/fexkarate.com\/index.php?rest_route=\/wp\/v2\/pages\/3577\/revisions"}],"predecessor-version":[{"id":3579,"href":"https:\/\/fexkarate.com\/index.php?rest_route=\/wp\/v2\/pages\/3577\/revisions\/3579"}],"wp:attachment":[{"href":"https:\/\/fexkarate.com\/index.php?rest_route=%2Fwp%2Fv2%2Fmedia&parent=3577"}],"curies":[{"name":"wp","href":"https:\/\/api.w.org\/{rel}","templated":true}]}}