{"id":3580,"date":"2014-01-06T19:06:01","date_gmt":"2014-01-06T18:06:01","guid":{"rendered":"https:\/\/fexkarate.com\/historia-del-karate-shito-ryu-en-extremadura\/"},"modified":"2026-03-31T11:08:19","modified_gmt":"2026-03-31T10:08:19","slug":"historia-del-karate-shito-ryu-en-extremadura","status":"publish","type":"page","link":"https:\/\/fexkarate.com\/?page_id=3580","title":{"rendered":"Historia del Karate Shito-Ryu en Extremadura"},"content":{"rendered":"<table style=\"max-width: 100%;border-collapse: collapse;border-spacing: 0px;color: #333333;font-family: 'Helvetica Neue', Helvetica, Arial, sans-serif;font-size: 14px;line-height: 20px\" cellspacing=\"0\" cellpadding=\"0\">\n<tbody>\n<tr>\n<td colspan=\"2\" valign=\"top\" height=\"117\">\n<div align=\"justify\">La historia del Shito-Ryu en Extremadura es relativamente reciente, hasta finales del a\u00f1o 1982 no era conocida en Extremadura, los karatekas extreme\u00f1os practicaban generalmente, Shotokan, Wado-Ryu o Goyu-Ryu. En septiembre de 1982 se traslada desde Madrid a Villanueva de la Vera (C\u00e1ceres) Daniel Tim\u00f3n Caperote, karateka formado en el Gimnasio \u201cVista Alegre\u201d de Madrid bajo las instrucciones de D. Antonio Torres Serrano, (alumno directo de Yasunary Ishimi, introductor del Karate Shito-Ryu en Europa y actualmente Presidente de la Federaci\u00f3n Madrile\u00f1a de Karate).<\/div>\n<\/td>\n<\/tr>\n<tr>\n<td valign=\"middle\" width=\"349\" height=\"327\">\n<div align=\"justify\">Daniel Tim\u00f3n funda en Villanueva de la Vera, en el a\u00f1o 1983 el Gimnasio \u201cSeiryu\u201d y empieza a ense\u00f1ar karate. Hasta esta localidad verata se desplazan j\u00f3venes de las poblaciones pr\u00f3ximas, Madrigal de la Vera, Tietar del Caudillo, Losar de la Vera, etc., para entrenar con Daniel Tim\u00f3n (en aquel entonces Cintur\u00f3n Negro 2\u00ba Dan, Entrenador Regional y \u00c1rbitro Regional).<\/div>\n<\/td>\n<td valign=\"top\" width=\"410\">\n<div align=\"center\"><img class=\"lazyload\" decoding=\"async\" src=\"data:image\/svg+xml,%3Csvg%20xmlns%3D%27http%3A%2F%2Fwww.w3.org%2F2000%2Fsvg%27%20width%3D%27395%27%20height%3D%27297%27%20viewBox%3D%270%200%20395%20297%27%3E%3Crect%20width%3D%27395%27%20height%3D%27297%27%20fill-opacity%3D%220%22%2F%3E%3C%2Fsvg%3E\" data-orig-src=\"https:\/\/fexkarate.com\/wp-content\/uploads\/2014\/01\/seleccion_ext2006-2.jpg\" alt=\"\" \/>\u00a0<\/div>\n<div align=\"center\"><span class=\"Estilo6\">Selecci\u00f3n Extreme\u00f1a Junior y Cadete 2006<\/span><\/div>\n<\/td>\n<\/tr>\n<tr>\n<td colspan=\"2\" valign=\"top\" height=\"156\">\n<div align=\"justify\">Algunos de sus primeros alumnos son: Rebeca Aceituno Arnold,\u00a0Pl\u00e1cido Cordob\u00e9s Jim\u00e9nez y Roberto Espinosa Sanrom\u00e1n, sempiterno Cintur\u00f3n Negro 1\u00ba Dan, y Monitor del Gimnasio \u201cSeiryu\u201d desde la marcha de Daniel Tim\u00f3n a C\u00e1ceres en junio de 1985.<\/p>\n<p>David Garro e Ismael Garro karatecas de Madrigal de la Vera, que son las dos primeras personas de esa bonita localidad verata en conseguir el Cintur\u00f3n Negro de karate e impulsores del karate en el noreste extreme\u00f1o, de tal forma que uno de los alumnos de Ismael Garro es Fernando S\u00e1nchez Su\u00e1rez Cintur\u00f3n Negro 4\u00ba Dan y Director de Arbitraje de la Federaci\u00f3n Extreme\u00f1a de Karate.\u00a0<\/p>\n<p>Jos\u00e9 Pedro Carrasco Morcuende, hoy desvinculado del Karate, pero que fue el primer Cintur\u00f3n Negro Infantil extreme\u00f1o.<\/p><\/div>\n<\/td>\n<\/tr>\n<tr>\n<td colspan=\"2\" valign=\"top\">\n<div align=\"justify\">Cuando se traslada a C\u00e1ceres (1985), Daniel Tim\u00f3n da clases en el Gimnasio \u201cEsparta\u201d, entre sus primeros alumnos est\u00e1n:\u00a0<br \/>Antonio Fabuel de Mora, gran competidor tanto en la modalidad de Kata como en Kumite, Cintur\u00f3n Negro 3\u00ba Dan, participante en varios Campeonatos de Espa\u00f1a y hoy propietario del Club \u201cPr\u00edncipe Fitness Center\u201d. De entre los alumnos de Antonio Fabuel cabe destacar como figura de gran importancia para la Federaci\u00f3n Extreme\u00f1a de Karate a Iv\u00e1n L\u00f3pez Corrales, gran competidor de Kumite y Seleccionador de Kumite durante varios a\u00f1os. Juan Jos\u00e9 Enrique Salgado, Cintur\u00f3n Negro 2\u00ba Dan, gran competidor de Kumite que fuera Seleccionador Regional durante un corto espacio de tiempo.<\/div>\n<\/td>\n<\/tr>\n<tr>\n<td valign=\"middle\" height=\"324\">\n<div align=\"justify\">Jos\u00e9 Luis Barrueco Izquierdo (proveniente del Club Shotokan de C\u00e1ceres) Cintur\u00f3n Negro 2\u00ba Dan y primer Director de la Escuela Regional de Preparadores de la Federaci\u00f3n Extreme\u00f1a.\u00a0<\/p>\n<\/div>\n<\/td>\n<td align=\"center\" valign=\"middle\">\n<p style=\"margin: 0px 0px 10px\">\u00a0<img class=\"lazyload\" decoding=\"async\" src=\"data:image\/svg+xml,%3Csvg%20xmlns%3D%27http%3A%2F%2Fwww.w3.org%2F2000%2Fsvg%27%20width%3D%27366%27%20height%3D%27244%27%20viewBox%3D%270%200%20366%20244%27%3E%3Crect%20width%3D%27366%27%20height%3D%27244%27%20fill-opacity%3D%220%22%2F%3E%3C%2Fsvg%3E\" data-orig-src=\"https:\/\/fexkarate.com\/wp-content\/uploads\/2014\/01\/curso_monitores-2.jpg\" alt=\"\" \/><br \/><span class=\"Estilo6\">Cuadro de profesores del 1er curso de monitores de la F.E.K<\/span><\/p>\n<\/td>\n<\/tr>\n<tr>\n<td colspan=\"2\" valign=\"top\">\n<div align=\"justify\">Jos\u00e9 \u00c1ngel Cort\u00e9s Garc\u00eda, Cintur\u00f3n Negro 2\u00ba Dan, que en septiembre de 2.003 fue el primer extreme\u00f1o becado por la Federaci\u00f3n Espa\u00f1ola para entrenar en el C.A.R. de Madrid. Actualmente desempe\u00f1a, de manera totalmente altruista, el cargo de Fisioterapeuta de la Federaci\u00f3n Extreme\u00f1a de Karate.<\/p>\n<p>En 1996, Isidoro Castillo (responsable del Karate Club de Jara\u00edz de la Vera) contacta con Daniel Tim\u00f3n para ver la posibilidad de realizar un cambio de Escuela y pasar de Wado a Shito-Ryu, desde entonces los karatekas de Jara\u00edz de la Vera, Collado de la Vera y de los pueblos lim\u00edtrofes practican Shito-Ryu, habiendo alcanzado un alto nivel t\u00e9cnico, sobre todo en el trabajo de Kata (prueba de ello, son los innumerables triunfos de sus competidores en las Finales de los JUDEX y dem\u00e1s Campeonatos de Extremadura), siendo una cantera inagotable para la Selecci\u00f3n Extreme\u00f1a, en las categor\u00edas m\u00e1s j\u00f3venes.\u00a0<\/p>\n<p>Cabe destacar adem\u00e1s de Isidoro Castillo a su alumna Rosa Rufino Araujo, primera mujer en conseguir el Cintur\u00f3n Negro 3\u00ba Dan y gran competidora de Kata (varias veces Campeona de Extremadura y participante en Campeonatos de Espa\u00f1a).<\/p>\n<p>A finales de los 90 tambi\u00e9n realiza el cambio de escuela Daniel Fern\u00e1ndez Vaquero, Cintur\u00f3n Negro 2\u00ba Dan profesor del \u201cClub Miguel \u00c1ngel\u201d de Navalmoral de la Mata y del \u201cGimnasio Municipal Wado-Ryu\u201d de Almaraz, por lo que el Shito-Ryu pasa a estar presente tambi\u00e9n en esas localidades.<\/p>\n<\/div>\n<\/td>\n<\/tr>\n<tr>\n<td valign=\"middle\" height=\"349\">\n<div align=\"justify\">En la ciudad de Badajoz es Jos\u00e9 Palma Morillo, perteneciente al Cuerpo de la Polic\u00eda Nacional quien a principio de los a\u00f1os 90 ense\u00f1a Shito-Ryu en dicha ciudad y en Talavera la Real. En la frontera con la provincia de Huelva ser\u00e1 Jos\u00e9 Boza Chaparro el encargado de desarrollar el Shito Ryu.<\/div>\n<\/td>\n<td align=\"center\" valign=\"middle\">\n<p style=\"margin: 0px 0px 10px\"><img class=\"lazyload\" decoding=\"async\" src=\"data:image\/svg+xml,%3Csvg%20xmlns%3D%27http%3A%2F%2Fwww.w3.org%2F2000%2Fsvg%27%20width%3D%27304%27%20height%3D%27228%27%20viewBox%3D%270%200%20304%20228%27%3E%3Crect%20width%3D%27304%27%20height%3D%27228%27%20fill-opacity%3D%220%22%2F%3E%3C%2Fsvg%3E\" data-orig-src=\"https:\/\/fexkarate.com\/wp-content\/uploads\/2014\/01\/valle_rasero-2.jpg\" alt=\"\" \/>\u00a0<br \/><span class=\"Estilo6\">Valle y Rasero en el Campeonato de Espa\u00f1a Junior y Cadete 2006<\/span><\/p>\n<\/td>\n<\/tr>\n<tr>\n<td colspan=\"2\" valign=\"top\">\n<div align=\"justify\">Cintur\u00f3n Negro 4\u00ba Dan, t\u00e9cnico del Club Oaki de Higuera la Real (Badajoz), autodidacta del Shito-Ryu extreme\u00f1o, que dio sus primeros pasos en el Karate en el a\u00f1o 1973 de la mano de Jos\u00e9 Camis\u00f3n Moreno y que con gran esfuerzo y vali\u00e9ndose de todo tipo de publicaciones y desplazamientos peri\u00f3dicos a Andaluc\u00eda para entrenar con diversos maestros, ha sido capaz de desarrollar un gran trabajo t\u00e9cnico en diversas localidades de la zona y del que han salido alumnos tan carism\u00e1ticos como Jonathan Lloret \u201cJhonny\u201d (gran competidor de Kata y Kumite, con una habilidad especial en el trabajo de piernas, que maravill\u00f3 a todos los presentes en el Campeonato de Espa\u00f1a Infantil organizado por la Federaci\u00f3n Extreme\u00f1a en abril de 1992 en Badajoz, con su magnifica exhibici\u00f3n de Kata Musical y que represent\u00f3 a Extremadura en varios Campeonatos de Espa\u00f1a.<\/div>\n<\/td>\n<\/tr>\n<tr>\n<td valign=\"middle\" height=\"226\">\n<div align=\"justify\">Menci\u00f3n aparte merece otro alumno suyo, el gran Manuel Rasero Ruiz, Tercero de Espa\u00f1a en la modalidad de Kumite en la categor\u00eda Juvenil el a\u00f1o 2.002 y nuevamente Tercero de Espa\u00f1a en el 2.003, ya en Cadete.<\/div>\n<\/td>\n<td align=\"center\" valign=\"middle\">\n<div align=\"center\"><img class=\"lazyload\" decoding=\"async\" src=\"data:image\/svg+xml,%3Csvg%20xmlns%3D%27http%3A%2F%2Fwww.w3.org%2F2000%2Fsvg%27%20width%3D%27150%27%20height%3D%27165%27%20viewBox%3D%270%200%20150%20165%27%3E%3Crect%20width%3D%27150%27%20height%3D%27165%27%20fill-opacity%3D%220%22%2F%3E%3C%2Fsvg%3E\" data-orig-src=\"https:\/\/fexkarate.com\/wp-content\/uploads\/2014\/01\/MRasero-2.jpg\" alt=\"\" \/><\/div>\n<div align=\"center\"><span class=\"Estilo6\">Manuel Rasero<\/span><\/div>\n<\/td>\n<\/tr>\n<tr>\n<td colspan=\"2\" valign=\"top\">\n<p style=\"margin: 0px 0px 10px\" align=\"justify\">Miembro de la Selecci\u00f3n Espa\u00f1ola que particip\u00f3 en el Campeonato del Mundo del 2.003 en Marsella, Campe\u00f3n de Espa\u00f1a de Kumite en el 2.004, ya como Cadete y \u00a1\u00a1CAMPE\u00d3N DE EUROPA!! El 14\/02\/04 en Croacia.<\/p>\n<p class=\"Estilo4\" style=\"margin: 0px 0px 10px\" align=\"center\"><strong>Autor: Daniel Tim\u00f3n Caperote<\/strong><\/p>\n<\/td>\n<\/tr>\n<\/tbody>\n<\/table>\n","protected":false},"excerpt":{"rendered":"<p>La historia del Shito-Ryu en Extremadura es relativamente reciente, hasta finales del a\u00f1o 1982 no era conocida en Extremadura, los karatekas extreme\u00f1os practicaban generalmente, Shotokan, Wado-Ryu o Goyu-Ryu. En septiembre de 1982 se traslada desde Madrid a Villanueva de la Vera (C\u00e1ceres) Daniel Tim\u00f3n Caperote, karateka formado en el Gimnasio \u201cVista Alegre\u201d de Madrid bajo&hellip;<\/p>\n","protected":false},"author":2,"featured_media":0,"parent":0,"menu_order":0,"comment_status":"closed","ping_status":"closed","template":"","meta":{"footnotes":""},"class_list":["post-3580","page","type-page","status-publish","hentry"],"_hostinger_reach_plugin_has_subscription_block":false,"_hostinger_reach_plugin_is_elementor":false,"_links":{"self":[{"href":"https:\/\/fexkarate.com\/index.php?rest_route=\/wp\/v2\/pages\/3580","targetHints":{"allow":["GET"]}}],"collection":[{"href":"https:\/\/fexkarate.com\/index.php?rest_route=\/wp\/v2\/pages"}],"about":[{"href":"https:\/\/fexkarate.com\/index.php?rest_route=\/wp\/v2\/types\/page"}],"author":[{"embeddable":true,"href":"https:\/\/fexkarate.com\/index.php?rest_route=\/wp\/v2\/users\/2"}],"replies":[{"embeddable":true,"href":"https:\/\/fexkarate.com\/index.php?rest_route=%2Fwp%2Fv2%2Fcomments&post=3580"}],"version-history":[{"count":1,"href":"https:\/\/fexkarate.com\/index.php?rest_route=\/wp\/v2\/pages\/3580\/revisions"}],"predecessor-version":[{"id":3585,"href":"https:\/\/fexkarate.com\/index.php?rest_route=\/wp\/v2\/pages\/3580\/revisions\/3585"}],"wp:attachment":[{"href":"https:\/\/fexkarate.com\/index.php?rest_route=%2Fwp%2Fv2%2Fmedia&parent=3580"}],"curies":[{"name":"wp","href":"https:\/\/api.w.org\/{rel}","templated":true}]}}