{"id":3587,"date":"2014-01-06T20:50:58","date_gmt":"2014-01-06T19:50:58","guid":{"rendered":"https:\/\/fexkarate.com\/organigrama\/"},"modified":"2026-03-31T13:31:58","modified_gmt":"2026-03-31T12:31:58","slug":"organigrama","status":"publish","type":"page","link":"https:\/\/fexkarate.com\/?page_id=3587","title":{"rendered":"Organigrama"},"content":{"rendered":"<div class=\"organigrama-federacion\">\n<h3>Junta Directiva<\/h3>\n<div class=\"org-seccion\">\n<ul>\n<li><strong>Presidente:<\/strong> D. Daniel Tim\u00f3n Caperote<\/li>\n<li><strong>Vicepresidente:<\/strong> D. Agust\u00edn Carmona Robles<\/li>\n<li><strong>Secretaria:<\/strong> D\u00aa. Adela Dur\u00e1n Iglesias<\/li>\n<li><strong>Tesorero:<\/strong> D. Miguel Cill\u00e1n Vaca<\/li>\n<\/ul>\n<\/div>\n<div class=\"org-seccion\">\n<h3>Direcci\u00f3n T\u00e9cnica y Formaci\u00f3n<\/h3>\n<ul>\n<li><strong>Director T\u00e9cnico:<\/strong> D. Jos\u00e9 Mar\u00eda Vega Ortega<\/li>\n<li><strong>Director de la Escuela de Preparadores:<\/strong> D. Luis Francisco Rasero Ruiz<\/li>\n<li><strong>Director del Tribunal Regional de Grados:<\/strong> D. Luis Miguel Gismero S\u00e1nchez<\/li>\n<\/ul>\n<\/div>\n<div class=\"org-seccion\">\n<h3>Arbitraje y Disciplina<\/h3>\n<ul>\n<li><strong>Director de Arbitraje:<\/strong> D. Gregorio Garc\u00eda Ramos<\/li>\n<li><strong>Juez \u00danico de Competici\u00f3n:<\/strong> D. Jos\u00e9 Mar\u00eda P\u00e9rez Cort\u00e9s<\/li>\n<li><strong>Juez \u00danico de Apelaci\u00f3n:<\/strong> D. Francisco Javier Maqueda Vega<\/li>\n<\/ul>\n<\/div>\n<div class=\"org-seccion\">\n<h3>Selecci\u00f3n Extreme\u00f1a<\/h3>\n<ul>\n<li><strong>Preparador F\u00edsico de la Selecci\u00f3n Extreme\u00f1a:<\/strong> D. Manuel Rasero Ruiz<\/li>\n<li><strong>Seleccionador Kumite Infantil y Juvenil:<\/strong> D. Javier Mar\u00eda S\u00e1nchez Alvarado<\/li>\n<li><strong>Seleccionador Kumite Cadete, Junior y Senior:<\/strong> D. \u00c1lvaro Jes\u00fas Vega Nova<\/li>\n<li><strong>Seleccionador de Kata Infantil y Juvenil:<\/strong> D. Diego Rebollo Chancl\u00f3n<\/li>\n<li><strong>Seleccionador de Kata Cadete, Junior y Senior:<\/strong> D. Carlos D\u00edaz Moreno<\/li>\n<\/ul>\n<\/div>\n<div class=\"org-seccion\">\n<h3>Departamentos<\/h3>\n<ul>\n<li><strong>Director del Departamento de Karate Tradicional:<\/strong> D. Jos\u00e9 Rodr\u00edguez Mart\u00edn Romo<br \/>\n<em>(Kobudo, Goshin, Karate Veteranos: Kata y Kumite)<\/em><\/li>\n<li><strong>Director del Departamento de Kung Fu:<\/strong> D. Juan Diego S\u00e1nchez S\u00e1nchez<\/li>\n<li><strong>Director del Departamento de Nihon-Tai-Jitsu:<\/strong> D. Manuel G\u00f3mez Cabanillas<\/li>\n<li><strong>Director del Departamento de Kenpo:<\/strong> D. Pablo Jos\u00e9 Rodr\u00edguez Aranda<\/li>\n<li><strong>Director del Departamento de Para-Karate:<\/strong> D. Juli\u00e1n Jim\u00e9nez Gonz\u00e1lez<\/li>\n<li><strong>Directora del Departamento de Deporte y Mujer:<\/strong> D\u00aa. Mar\u00eda Victoria Melo Jim\u00e9nez<\/li>\n<\/ul>\n<\/div>\n<div class=\"org-seccion\">\n<h3>Organizaci\u00f3n y Programas<\/h3>\n<ul>\n<li><strong>Director de Organizaci\u00f3n:<\/strong> Pablo Corcho Casco<\/li>\n<li><strong>Coordinadora Programa JUDEX:<\/strong> D\u00aa. Anabel Rivera Castillo<\/li>\n<\/ul>\n<\/div>\n<div class=\"org-seccion\">\n<h3>Comunicaci\u00f3n y Soporte T\u00e9cnico<\/h3>\n<ul>\n<li><strong>Directora del Departamento de Comunicaci\u00f3n:<\/strong> D\u00aa. Adela Cill\u00e1n Dur\u00e1n<\/li>\n<li><strong>T\u00e9cnico Inform\u00e1tico:<\/strong> D. V\u00edctor M. Pav\u00f3n Rufino<\/li>\n<\/ul>\n<\/div>\n<\/div>\n","protected":false},"excerpt":{"rendered":"<p>D. DANIEL TIM\u00d3N CAPEROTE &#8211; PRESIDENTE D. AGUST\u00cdN CARMONA ROBLES &#8211; VICEPRESIDENTE D\u00aa. ADELA DURAN IGLESIAS &#8211; SECRETARIA D. MIGUEL CILLAN VACA &#8211; TESORERO D.\u00a0JOS\u00c9 MAR\u00cdA VEGA ORTEGA\u00a0&#8211; DIRECTOR T\u00c9CNICO D. LUIS FRANCISCO RASERO RUIZ &#8211; DIRECTOR DE LA ESCUELA DE PREPARADORES D. LUIS MIGUEL GISMERO S\u00c1NCHEZ &#8211; DIRECTOR DE TRIBUNAL REGIONAL DE GRADOS D.&hellip;<\/p>\n","protected":false},"author":2,"featured_media":0,"parent":0,"menu_order":0,"comment_status":"closed","ping_status":"closed","template":"","meta":{"footnotes":""},"class_list":["post-3587","page","type-page","status-publish","hentry"],"_hostinger_reach_plugin_has_subscription_block":false,"_hostinger_reach_plugin_is_elementor":false,"_links":{"self":[{"href":"https:\/\/fexkarate.com\/index.php?rest_route=\/wp\/v2\/pages\/3587","targetHints":{"allow":["GET"]}}],"collection":[{"href":"https:\/\/fexkarate.com\/index.php?rest_route=\/wp\/v2\/pages"}],"about":[{"href":"https:\/\/fexkarate.com\/index.php?rest_route=\/wp\/v2\/types\/page"}],"author":[{"embeddable":true,"href":"https:\/\/fexkarate.com\/index.php?rest_route=\/wp\/v2\/users\/2"}],"replies":[{"embeddable":true,"href":"https:\/\/fexkarate.com\/index.php?rest_route=%2Fwp%2Fv2%2Fcomments&post=3587"}],"version-history":[{"count":5,"href":"https:\/\/fexkarate.com\/index.php?rest_route=\/wp\/v2\/pages\/3587\/revisions"}],"predecessor-version":[{"id":4051,"href":"https:\/\/fexkarate.com\/index.php?rest_route=\/wp\/v2\/pages\/3587\/revisions\/4051"}],"wp:attachment":[{"href":"https:\/\/fexkarate.com\/index.php?rest_route=%2Fwp%2Fv2%2Fmedia&parent=3587"}],"curies":[{"name":"wp","href":"https:\/\/api.w.org\/{rel}","templated":true}]}}