{"id":3593,"date":"2016-02-24T21:14:52","date_gmt":"2016-02-24T20:14:52","guid":{"rendered":"https:\/\/fexkarate.com\/altos-grados-federacion-extremena-de-karate-y-d-a\/"},"modified":"2016-02-24T21:14:52","modified_gmt":"2016-02-24T20:14:52","slug":"altos-grados-federacion-extremena-de-karate-y-d-a","status":"publish","type":"page","link":"https:\/\/fexkarate.com\/?page_id=3593","title":{"rendered":"Altos Grados Federaci\u00f3n Extreme\u00f1a de Karate"},"content":{"rendered":"<h2 style=\"text-align: center\"><strong>8\u00ba DAN<\/strong><\/h2>\n<table style=\"margin-left: auto;margin-right: auto;width: 654px\">\n<tbody>\n<tr>\n<td style=\"width: 440.5px\">D. DANIEL TIM\u00d3N CAPEROTE<\/td>\n<td style=\"width: 104.5px\">01-09-2022<\/td>\n<td style=\"width: 145px\">SHITO-RYU<\/td>\n<\/tr>\n<\/tbody>\n<\/table>\n<h2 style=\"text-align: center\"><strong>7\u00ba DAN<\/strong><\/h2>\n<table style=\"margin-left: auto;margin-right: auto;width: 654px\">\n<tbody>\n<tr>\n<td style=\"width: 440.5px\">D. AGUST\u00cdN MOGENA MIRANDA<\/td>\n<td style=\"width: 104.5px\">20-12-2013<\/td>\n<td style=\"width: 145px\">SHOTOKAN<\/td>\n<\/tr>\n<tr>\n<td style=\"width: 440.5px\">D. FRANCISCO D\u00cdAZ BARBOSA<\/td>\n<td style=\"width: 104.5px\">16-04-2021<\/td>\n<td style=\"width: 145px\">SHOTOKAN<\/td>\n<\/tr>\n<\/tbody>\n<\/table>\n<h2 style=\"text-align: center\"><strong>6\u00ba DAN<\/strong><\/h2>\n<table style=\"margin-left: auto;margin-right: auto;width: 654px\">\n<tbody>\n<tr style=\"height: 13px\">\n<td style=\"width: 414px;height: 13px\">D. FERNANDO S\u00c1NCHEZ SU\u00c1REZ<\/td>\n<td style=\"width: 98.5px;height: 13px\">06-04-2019<\/td>\n<td style=\"width: 143.5px;height: 13px\">SHITO-RYU<\/td>\n<\/tr>\n<tr style=\"height: 13px\">\n<td style=\"width: 414px;height: 13px\">D. ANTONIO G\u00d3MEZ-VALADES S\u00c1NCHEZ<\/td>\n<td style=\"width: 98.5px;height: 13px\">30-12-2019<\/td>\n<td style=\"width: 143.5px;height: 13px\">SHOTOKAN<\/td>\n<\/tr>\n<tr style=\"height: 13.75px\">\n<td style=\"width: 414px;height: 13.75px\">D. JOS\u00c9 BOZA CHAPARRO<\/td>\n<td style=\"width: 98.5px;height: 13.75px\">21-02-2020<\/td>\n<td style=\"width: 143.5px;height: 13.75px\">SHITO-RYU<\/td>\n<\/tr>\n<tr style=\"height: 13.75px\">\n<td style=\"width: 414px;height: 13.75px\">D. MANUEL G\u00d3MEZ CABANILLAS<\/td>\n<td style=\"width: 98.5px;height: 13.75px\">18-12-2020<\/td>\n<td style=\"width: 143.5px;height: 13.75px\">SHOTOKAN<\/td>\n<\/tr>\n<tr style=\"height: 13.75px\">\n<td style=\"width: 414px;height: 13.75px\">D. LUIS MIGUEL GISMERO S\u00c1NCHEZ<\/td>\n<td style=\"width: 98.5px;height: 13.75px\">20-11-2021<\/td>\n<td style=\"width: 143.5px;height: 13.75px\">SHITO-RYU<\/td>\n<\/tr>\n<tr style=\"height: 13.75px\">\n<td style=\"width: 414px;height: 13.75px\">D. JOS\u00c9 RODR\u00cdGUEZ MART\u00cdN ROMO<\/td>\n<td style=\"width: 98.5px;height: 13.75px\">14-04-2023<\/td>\n<td style=\"width: 143.5px;height: 13.75px\">SHOTOKAN<\/td>\n<\/tr>\n<tr style=\"height: 13.75px\">\n<td style=\"width: 414px;height: 13.75px\">D. AGUST\u00cdN CARMONA ROBLES<\/td>\n<td style=\"width: 98.5px;height: 13.75px\">14-04-2023<\/td>\n<td style=\"width: 143.5px;height: 13.75px\">SHOTOKAN<\/td>\n<\/tr>\n<tr style=\"height: 13.75px\">\n<td style=\"width: 414px;height: 13.75px\">D. JUAN DIEGO S\u00c1NCHEZ S\u00c1NCHEZ<\/td>\n<td style=\"width: 98.5px;height: 13.75px\">20-01-2023<\/td>\n<td style=\"width: 143.5px;height: 13.75px\">SHOTOKAN<\/td>\n<\/tr>\n<tr style=\"height: 13.75px\">\n<td style=\"width: 414px;height: 13.75px\">D. LUIS IV\u00c1N L\u00d3PEZ CORRALES<\/td>\n<td style=\"width: 98.5px;height: 13.75px\">13-04-2024<\/td>\n<td style=\"width: 143.5px;height: 13.75px\">SHITO-RYU\/SHOTOKAN<\/td>\n<\/tr>\n<tr style=\"height: 13.75px\">\n<td style=\"width: 414px;height: 13.75px\">D. JOS\u00c9 MAR\u00cdA VEGA ORTEGA<\/td>\n<td style=\"width: 98.5px;height: 13.75px\">21-05-2025<\/td>\n<td style=\"width: 143.5px;height: 13.75px\">SHOTOKAN<\/td>\n<\/tr>\n<\/tbody>\n<\/table>\n<h2 style=\"text-align: center\"><strong>5\u00ba DAN<\/strong><\/h2>\n<table style=\"margin-left: auto;margin-right: auto;width: 658px\">\n<tbody>\n<tr style=\"height: 13px\">\n<td style=\"height: 13px;width: 420.5px\">D. DANIEL MARIUS CHARLES<\/td>\n<td style=\"height: 13px;width: 95.5px\">29-11-2014<\/td>\n<td style=\"height: 13px;width: 146px\">SHOTOKAN<\/td>\n<\/tr>\n<tr style=\"height: 13px\">\n<td style=\"height: 13px;width: 420.5px\">D.\u00a0JES\u00daS BARCENILLA ASENSIO<\/td>\n<td style=\"height: 13px;width: 95.5px\">11-04-2015<\/td>\n<td style=\"height: 13px;width: 146px\">SHOTOKAN<\/td>\n<\/tr>\n<tr style=\"height: 13.125px\">\n<td style=\"height: 13.125px;width: 420.5px\">D. LUIS CASTELLANO CALZADO<\/td>\n<td style=\"height: 13.125px;width: 95.5px\">06-04-2018<\/td>\n<td style=\"height: 13.125px;width: 146px\">SHOTOKAN<\/td>\n<\/tr>\n<tr style=\"height: 13.125px\">\n<td style=\"height: 13.125px;width: 420.5px\">D. FRANCISCO RAM\u00d3N JIM\u00c9NEZ G\u00d3MEZ<\/td>\n<td style=\"height: 13.125px;width: 95.5px\">12-12-2020<\/td>\n<td style=\"height: 13.125px;width: 146px\">WADO-RYU<\/td>\n<\/tr>\n<\/tbody>\n<\/table>\n<p><strong>\u00a0<\/strong><\/p>\n<p><strong>\u00a0<\/strong><\/p>\n<p><strong>\u00a0<\/strong><\/p>\n<p>\u00a0<\/p>\n","protected":false},"excerpt":{"rendered":"<p>8\u00ba DAN D. DANIEL TIM\u00d3N CAPEROTE 01-09-2022 SHITO-RYU 7\u00ba DAN D. AGUST\u00cdN MOGENA MIRANDA 20-12-2013 SHOTOKAN D. FRANCISCO D\u00cdAZ BARBOSA 16-04-2021 SHOTOKAN 6\u00ba DAN D. FERNANDO S\u00c1NCHEZ SU\u00c1REZ 06-04-2019 SHITO-RYU D. ANTONIO G\u00d3MEZ-VALADES S\u00c1NCHEZ 30-12-2019 SHOTOKAN D. JOS\u00c9 BOZA CHAPARRO 21-02-2020 SHITO-RYU D. MANUEL G\u00d3MEZ CABANILLAS 18-12-2020 SHOTOKAN D. LUIS MIGUEL GISMERO S\u00c1NCHEZ 20-11-2021 SHITO-RYU&hellip;<\/p>\n","protected":false},"author":2,"featured_media":0,"parent":0,"menu_order":0,"comment_status":"closed","ping_status":"closed","template":"","meta":{"footnotes":""},"class_list":["post-3593","page","type-page","status-publish","hentry"],"_hostinger_reach_plugin_has_subscription_block":false,"_hostinger_reach_plugin_is_elementor":false,"_links":{"self":[{"href":"https:\/\/fexkarate.com\/index.php?rest_route=\/wp\/v2\/pages\/3593","targetHints":{"allow":["GET"]}}],"collection":[{"href":"https:\/\/fexkarate.com\/index.php?rest_route=\/wp\/v2\/pages"}],"about":[{"href":"https:\/\/fexkarate.com\/index.php?rest_route=\/wp\/v2\/types\/page"}],"author":[{"embeddable":true,"href":"https:\/\/fexkarate.com\/index.php?rest_route=\/wp\/v2\/users\/2"}],"replies":[{"embeddable":true,"href":"https:\/\/fexkarate.com\/index.php?rest_route=%2Fwp%2Fv2%2Fcomments&post=3593"}],"version-history":[{"count":0,"href":"https:\/\/fexkarate.com\/index.php?rest_route=\/wp\/v2\/pages\/3593\/revisions"}],"wp:attachment":[{"href":"https:\/\/fexkarate.com\/index.php?rest_route=%2Fwp%2Fv2%2Fmedia&parent=3593"}],"curies":[{"name":"wp","href":"https:\/\/api.w.org\/{rel}","templated":true}]}}