{"id":3596,"date":"2016-10-05T16:18:06","date_gmt":"2016-10-05T15:18:06","guid":{"rendered":"https:\/\/fexkarate.com\/politica-de-privacidad\/"},"modified":"2026-03-31T11:08:35","modified_gmt":"2026-03-31T10:08:35","slug":"politica-de-privacidad","status":"publish","type":"page","link":"https:\/\/fexkarate.com\/?page_id=3596","title":{"rendered":"Pol\u00edtica de Privacidad"},"content":{"rendered":"<p class=\"Default\" style=\"margin-bottom: 6.0pt;text-align: center\" align=\"center\"><b><span style=\"font-size: 28.0pt;font-family: 'Calibri Light',sans-serif;color: #002060\">SUS DATOS SEGUROS<\/span><\/b><\/p>\n<h1 style=\"text-align: center;margin: 6.0pt 0cm 10.0pt 0cm\" align=\"center\">Informaci\u00f3n en cumplimiento de la normativa de protecci\u00f3n de datos personales<\/h1>\n<p class=\"Default\" style=\"margin-bottom: 6.0pt;text-align: justify\"><span style=\"font-size: 11.0pt\">\u00a0<\/span><\/p>\n<p class=\"Default\" style=\"margin-bottom: 6.0pt;text-align: justify\"><span style=\"font-size: 11.0pt\">En Europa y en Espa\u00f1a existen normas de protecci\u00f3n de datos pensadas para proteger su informaci\u00f3n personal de obligado cumplimiento para nuestra entidad.<\/span><\/p>\n<p class=\"Default\" style=\"margin-bottom: 6.0pt;text-align: justify\"><span style=\"font-size: 11.0pt\">Por ello, es muy importante para nosotros que entienda perfectamente qu\u00e9 vamos a hacer con los datos personales que le pedimos.<\/span><\/p>\n<p class=\"Default\" style=\"margin-bottom: 6.0pt;text-align: justify\"><span style=\"font-size: 11.0pt\">As\u00ed, seremos transparentes y le daremos el control de sus datos, con un lenguaje sencillo y opciones claras que le permitir\u00e1n decidir qu\u00e9 haremos con su informaci\u00f3n personal.<\/span><\/p>\n<p class=\"Default\" style=\"margin-bottom: 6.0pt;text-align: justify\"><span style=\"font-size: 11.0pt\">Por favor, si una vez le\u00edda la presente informaci\u00f3n le queda alguna duda, no dude en preguntarnos.<\/span><\/p>\n<p class=\"Default\" style=\"margin-bottom: 6.0pt;text-align: justify\"><span style=\"font-size: 11.0pt\">Muchas gracias por su colaboraci\u00f3n.<\/span><\/p>\n<p class=\"MsoNormal\" style=\"margin-bottom: .0001pt\">\u00a0<\/p>\n<p class=\"Default\" style=\"text-align: justify;text-indent: -17.85pt;margin: 0cm 0cm 6.0pt 17.85pt\"><!-- [if !supportLists]--><span style=\"font-size: 11.0pt;font-family: Symbol;color: #002060\">\u00b7<span style=\"font-size: 7pt;line-height: normal;font-family: 'Times New Roman'\">\u00a0\u00a0\u00a0\u00a0\u00a0\u00a0\u00a0\u00a0 <\/span><\/span><!--[endif]--><b><span style=\"font-size: 11.0pt;color: windowtext\">\u00bf<\/span><\/b><b><span style=\"font-size: 11.0pt\">Qui\u00e9nes somos?<\/span><\/b><\/p>\n<p class=\"Default\" style=\"margin-left: 53.85pt;text-align: justify;text-indent: -17.85pt\"><!-- [if !supportLists]--><span style=\"font-family: 'Courier New'\">o<span style=\"font-size: 7pt;line-height: normal;font-family: 'Times New Roman'\">\u00a0\u00a0 <\/span><\/span><!--[endif]--><span style=\"font-size: 11.0pt\">Nuestra denominaci\u00f3n: <b>FEDERACI\u00d3N EXTREME\u00d1A DE K\u00c1RATE<\/b><\/span><\/p>\n<p class=\"Default\" style=\"text-align: justify;margin: 0cm 0cm 6.0pt 18.0pt\"><span style=\"font-size: 11.0pt;color: windowtext\">\u00a0<\/span><\/p>\n<p class=\"Default\" style=\"margin-left: 53.85pt;text-align: justify;text-indent: -17.85pt\"><!-- [if !supportLists]--><span style=\"font-family: 'Courier New'\">o<span style=\"font-size: 7pt;line-height: normal;font-family: 'Times New Roman'\">\u00a0\u00a0 <\/span><\/span><!--[endif]--><span style=\"font-size: 11.0pt\">Nuestro CIF \/ NIF: <b>G10108496<\/b><\/span><\/p>\n<p class=\"Default\" style=\"text-align: justify;margin: 0cm 0cm 6.0pt 18.0pt\"><span style=\"font-size: 11.0pt\">\u00a0<\/span><\/p>\n<p class=\"Default\" style=\"margin-left: 53.85pt;text-align: justify;text-indent: -17.85pt\"><!-- [if !supportLists]--><span style=\"font-family: 'Courier New'\">o<span style=\"font-size: 7pt;line-height: normal;font-family: 'Times New Roman'\">\u00a0\u00a0 <\/span><\/span><!--[endif]--><span style=\"font-size: 11.0pt\">Nuestra actividad principal:<b> FEDERACION DEPORTIVA<\/b><\/span><\/p>\n<p class=\"Default\" style=\"text-align: justify;margin: 0cm 0cm 6.0pt 18.0pt\"><span style=\"font-size: 11.0pt;color: windowtext\">\u00a0<\/span><\/p>\n<p class=\"Default\" style=\"margin-left: 53.85pt;text-align: justify;text-indent: -17.85pt\"><!-- [if !supportLists]--><span style=\"font-family: 'Courier New'\">o<span style=\"font-size: 7pt;line-height: normal;font-family: 'Times New Roman'\">\u00a0\u00a0 <\/span><\/span><!--[endif]--><span style=\"font-size: 11.0pt\">Nuestra direcci\u00f3n: <b>Pabell\u00f3n Multiusos \u201cCiudad de C\u00e1ceres\u201d Avda. Pierre de Coubertain, s\/n , CP 10005, C\u00c1CERES (C\u00e1ceres)<\/b><\/span><\/p>\n<p class=\"Default\" style=\"text-align: justify;margin: 0cm 0cm 6.0pt 18.0pt\"><span style=\"font-size: 11.0pt;color: windowtext\">\u00a0<\/span><\/p>\n<p class=\"Default\" style=\"margin-left: 53.85pt;text-align: justify;text-indent: -17.85pt\"><!-- [if !supportLists]--><span style=\"font-family: 'Courier New'\">o<span style=\"font-size: 7pt;line-height: normal;font-family: 'Times New Roman'\">\u00a0\u00a0 <\/span><\/span><!--[endif]--><span style=\"font-size: 11.0pt\">Nuestro tel\u00e9fono de contacto: <b>927629643<\/b><\/span><\/p>\n<p class=\"Default\" style=\"text-align: justify;margin: 0cm 0cm 6.0pt 18.0pt\"><span style=\"font-size: 11.0pt;color: windowtext\">\u00a0<\/span><\/p>\n<p class=\"Default\" style=\"margin-left: 53.85pt;text-align: justify;text-indent: -17.85pt\"><!-- [if !supportLists]--><span style=\"font-family: 'Courier New'\">o<span style=\"font-size: 7pt;line-height: normal;font-family: 'Times New Roman'\">\u00a0\u00a0 <\/span><\/span><!--[endif]--><span style=\"font-size: 11.0pt\">Nuestra direcci\u00f3n de correo electr\u00f3nico de contacto: : <b>info@fexkarate.com<\/b><\/span><\/p>\n<p class=\"Default\" style=\"text-align: justify;margin: 0cm 0cm 6.0pt 18.0pt\"><span style=\"font-size: 11.0pt;color: windowtext\">\u00a0<\/span><\/p>\n<p class=\"Default\" style=\"margin-left: 53.85pt;text-align: justify;text-indent: -17.85pt\"><!-- [if !supportLists]--><span style=\"font-family: 'Courier New'\">o<span style=\"font-size: 7pt;line-height: normal;font-family: 'Times New Roman'\">\u00a0\u00a0 <\/span><\/span><!--[endif]--><span style=\"font-size: 11.0pt\">Nuestra p\u00e1gina web: <b>www.fexkarate.com<\/b><\/span><\/p>\n<p class=\"Default\" style=\"text-align: justify;margin: 0cm 0cm 6.0pt 18.0pt\"><span style=\"font-size: 11.0pt;color: windowtext\">\u00a0<\/span><\/p>\n<p class=\"Default\" style=\"margin-left: 53.85pt;text-align: justify;text-indent: -17.85pt;line-height: 115%\"><!-- [if !supportLists]--><span style=\"line-height: 115%;font-family: 'Courier New'\">o<span style=\"font-size: 7pt;line-height: normal;font-family: 'Times New Roman'\">\u00a0\u00a0 <\/span><\/span><!--[endif]--><span style=\"font-size: 11.0pt;line-height: 115%\">Para su confianza y seguridad, le informamos que somos una entidad inscrita en el siguiente Registro P\u00fablico: <b>Registro de Federaciones Deportivas de la Junta de Extremadura: FE 6.<\/b><\/span><\/p>\n<p class=\"Default\" style=\"margin-left: 53.85pt;text-align: justify\"><span style=\"font-size: 11.0pt\">\u00a0<\/span><\/p>\n<p class=\"Default\" style=\"margin-left: 17.85pt;text-align: justify\"><span style=\"font-size: 11.0pt;color: windowtext\">\u00a0<\/span><\/p>\n<p class=\"Default\" style=\"margin-left: 17.85pt;text-align: justify\"><span style=\"font-size: 11.0pt;color: windowtext\">Estamos a su disposici\u00f3n, no dude en contactar con nosotros.<\/span><\/p>\n<p class=\"MsoNormal\" style=\"margin-bottom: .0001pt\"><span style=\"color: red\">\u00a0<\/span><\/p>\n<p class=\"Default\" style=\"text-align: justify;text-indent: -17.85pt;margin: 0cm 0cm 6.0pt 17.85pt\"><!-- [if !supportLists]--><span style=\"font-size: 11.0pt;font-family: Symbol;color: #002060\">\u00b7<span style=\"font-size: 7pt;line-height: normal;font-family: 'Times New Roman'\">\u00a0\u00a0\u00a0\u00a0\u00a0\u00a0\u00a0\u00a0 <\/span><\/span><!--[endif]--><b><span style=\"font-size: 11.0pt\">\u00bfPara qu\u00e9 vamos a usar sus datos?<\/span><\/b><\/p>\n<p class=\"Default\" style=\"text-align: justify;margin: 0cm 0cm 6.0pt 18.0pt\"><span style=\"font-size: 11.0pt\">Con car\u00e1cter general, sus datos personales ser\u00e1n usados para poder relacionarnos con usted y poder prestarle nuestros servicios.<\/span><\/p>\n<p class=\"MsoNormal\" style=\"text-align: justify;margin: 0cm 0cm .0001pt 18.0pt\">Asimismo, tambi\u00e9n pueden ser usados para otras actividades, como enviarle publicidad o promocionar nuestras actividades.\u00a0<\/p>\n<p class=\"MsoNormal\" style=\"margin-bottom: .0001pt\">\u00a0<\/p>\n<p class=\"Default\" style=\"text-align: justify;text-indent: -17.85pt;margin: 0cm 0cm 6.0pt 17.85pt\"><!-- [if !supportLists]--><span style=\"font-size: 11.0pt;font-family: Symbol;color: #002060\">\u00b7<span style=\"font-size: 7pt;line-height: normal;font-family: 'Times New Roman'\">\u00a0\u00a0\u00a0\u00a0\u00a0\u00a0\u00a0\u00a0 <\/span><\/span><!--[endif]--><b><span style=\"font-size: 11.0pt\">\u00bfPor qu\u00e9 necesitamos usar sus datos?<\/span><\/b><\/p>\n<p class=\"Default\" style=\"text-align: justify;margin: 0cm 0cm 6.0pt 18.0pt\"><span style=\"font-size: 11.0pt\">Sus datos personales son necesarios para poder relacionarnos con usted y poder prestarle nuestros servicios. En este sentido, pondremos a su disposici\u00f3n una serie de casillas que le permitir\u00e1n decidir de manera clara y sencilla sobre el uso de su informaci\u00f3n personal.\u00a0 <\/span><\/p>\n<p class=\"MsoNormal\" style=\"margin-bottom: .0001pt\">\u00a0<\/p>\n<p class=\"Default\" style=\"text-align: justify;text-indent: -17.85pt;margin: 0cm 0cm 6.0pt 17.85pt\"><!-- [if !supportLists]--><span style=\"font-size: 11.0pt;font-family: Symbol;color: #002060\">\u00b7<span style=\"font-size: 7pt;line-height: normal;font-family: 'Times New Roman'\">\u00a0\u00a0\u00a0\u00a0\u00a0\u00a0\u00a0\u00a0 <\/span><\/span><!--[endif]--><b><span style=\"font-size: 11.0pt\">\u00bfQui\u00e9n va a conocer la informaci\u00f3n que le pedimos?<\/span><\/b><\/p>\n<p class=\"Default\" style=\"text-align: justify;margin: 0cm 0cm 6.0pt 18.0pt\"><span style=\"font-size: 11.0pt\">Con car\u00e1cter general, s\u00f3lo el personal de nuestra entidad que est\u00e9 debidamente autorizado podr\u00e1 tener conocimiento de la informaci\u00f3n que le pedimos.<\/span><\/p>\n<p class=\"Default\" style=\"text-align: justify;margin: 0cm 0cm 6.0pt 18.0pt\"><span style=\"font-size: 11.0pt\">De igual modo, podr\u00e1n tener conocimiento de su informaci\u00f3n personal aquellas entidades que necesiten tener acceso a la misma para que podamos prestarle nuestros servicios. As\u00ed por ejemplo, nuestro banco conocer\u00e1 sus datos si el pago de nuestros servicios se realiza mediante tarjeta o transferencia bancaria.<\/span><\/p>\n<p class=\"Default\" style=\"text-align: justify;margin: 0cm 0cm 6.0pt 18.0pt\"><span style=\"font-size: 11.0pt\">Asimismo, tendr\u00e1n conocimiento de su informaci\u00f3n aquellas entidades p\u00fablicas o privadas a las cuales estemos obligados a facilitar sus datos personales con motivo del cumplimiento de alguna ley. Poni\u00e9ndole un ejemplo, la Ley Tributaria obliga a facilitar a la Agencia Tributaria determinada informaci\u00f3n sobre operaciones econ\u00f3micas que superen una determinada cantidad.<\/span><\/p>\n<p class=\"Default\" style=\"margin-left: 17.85pt;text-align: justify\"><span style=\"font-size: 11.0pt\">En el caso de que, al margen de los supuestos comentados, necesitemos dar a conocer\u00a0 su informaci\u00f3n personal a otras entidades, le solicitaremos previamente su permiso a trav\u00e9s de opciones claras que le permitir\u00e1n decidir a este respecto.<\/span><\/p>\n<p class=\"MsoNormal\" style=\"margin-bottom: .0001pt\">\u00a0<\/p>\n<p class=\"Default\" style=\"text-align: justify;text-indent: -17.85pt;margin: 0cm 0cm 6.0pt 17.85pt\"><!-- [if !supportLists]--><span style=\"font-size: 11.0pt;font-family: Symbol;color: #002060\">\u00b7<span style=\"font-size: 7pt;line-height: normal;font-family: 'Times New Roman'\">\u00a0\u00a0\u00a0\u00a0\u00a0\u00a0\u00a0\u00a0 <\/span><\/span><!--[endif]--><b><span style=\"font-size: 11.0pt\">\u00bfC\u00f3mo vamos a proteger sus datos?<\/span><\/b><\/p>\n<p class=\"Default\" style=\"text-align: justify;margin: 0cm 0cm 6.0pt 18.0pt\"><span style=\"font-size: 11.0pt\">Protegeremos sus datos con medidas de seguridad eficaces en funci\u00f3n de los riesgos que conlleve el uso de su informaci\u00f3n.<\/span><\/p>\n<p class=\"Default\" style=\"margin-left: 17.85pt;text-align: justify\"><span style=\"font-size: 11.0pt\">Para ello, nuestra entidad ha aprobado una Pol\u00edtica de Protecci\u00f3n de Datos y se realizan controles y auditor\u00edas anuales para verificar que sus datos personales est\u00e1n seguros en todo momento.<\/span><\/p>\n<p class=\"MsoNormal\" style=\"margin-bottom: .0001pt\">\u00a0<\/p>\n<p class=\"Default\" style=\"text-align: justify;text-indent: -17.85pt;margin: 0cm 0cm 6.0pt 17.85pt\"><!-- [if !supportLists]--><span style=\"font-size: 11.0pt;font-family: Symbol;color: #002060\">\u00b7<span style=\"font-size: 7pt;line-height: normal;font-family: 'Times New Roman'\">\u00a0\u00a0\u00a0\u00a0\u00a0\u00a0\u00a0\u00a0 <\/span><\/span><!--[endif]--><b><span style=\"font-size: 11.0pt\">\u00bfEnviaremos sus datos a otros pa\u00edses?<\/span><\/b><\/p>\n<p class=\"Default\" style=\"text-align: justify;margin: 0cm 0cm 6.0pt 18.0pt\"><span style=\"font-size: 11.0pt\">En el mundo hay pa\u00edses que son seguros para sus datos y otros que no lo son tanto. As\u00ed por ejemplo, la Uni\u00f3n Europea es un entorno seguro para sus datos. Nuestra pol\u00edtica es no enviar su informaci\u00f3n personal a ning\u00fan pa\u00eds que no sea seguro desde el punto de vista de la protecci\u00f3n de sus datos.<\/span><\/p>\n<p class=\"Default\" style=\"margin-left: 17.85pt;text-align: justify\"><span style=\"font-size: 11.0pt\">En el caso de que, con motivo de prestarle el servicio, sea imprescindible enviar sus datos a un pa\u00eds que no sea tan seguro como Espa\u00f1a, siempre le solicitaremos previamente su permiso y aplicaremos medidas de seguridad eficaces que reduzcan los riesgos del env\u00edo de su informaci\u00f3n personal a otro pa\u00eds. <\/span><\/p>\n<p class=\"MsoNormal\" style=\"margin-bottom: .0001pt\">\u00a0<\/p>\n<p class=\"Default\" style=\"text-align: justify;text-indent: -17.85pt;margin: 0cm 0cm 6.0pt 17.85pt\"><!-- [if !supportLists]--><span style=\"font-size: 11.0pt;font-family: Symbol;color: #002060\">\u00b7<span style=\"font-size: 7pt;line-height: normal;font-family: 'Times New Roman'\">\u00a0\u00a0\u00a0\u00a0\u00a0\u00a0\u00a0\u00a0 <\/span><\/span><!--[endif]--><b><span style=\"font-size: 11.0pt\">\u00bfDurante cu\u00e1nto tiempo vamos a conservar sus datos?<\/span><\/b><\/p>\n<p class=\"Default\" style=\"margin-left: 17.85pt;text-align: justify\"><span style=\"font-size: 11.0pt\">Conservaremos sus datos durante nuestra relaci\u00f3n y mientras nos obliguen las leyes. Una vez finalizados los plazos legales aplicables, procederemos a eliminarlos de forma segura y respetuosa con el medio ambiente. <\/span><\/p>\n<p class=\"MsoNormal\" style=\"margin-bottom: .0001pt\">\u00a0<\/p>\n<p class=\"Default\" style=\"text-align: justify;text-indent: -17.85pt;margin: 0cm 0cm 6.0pt 17.85pt\"><!-- [if !supportLists]--><span style=\"font-size: 11.0pt;font-family: Symbol;color: #002060\">\u00b7<span style=\"font-size: 7pt;line-height: normal;font-family: 'Times New Roman'\">\u00a0\u00a0\u00a0\u00a0\u00a0\u00a0\u00a0\u00a0 <\/span><\/span><!--[endif]--><b><span style=\"font-size: 11.0pt\">\u00bfCu\u00e1les son sus derechos de protecci\u00f3n de datos?<\/span><\/b><\/p>\n<p class=\"Default\" style=\"text-align: justify;margin: 0cm 0cm 6.0pt 18.0pt\"><span style=\"font-size: 11.0pt\">En cualquier momento puede dirigirse a nosotros para saber qu\u00e9 informaci\u00f3n tenemos sobre usted, rectificarla si fuese incorrecta y eliminarla una vez finalizada nuestra relaci\u00f3n, en el caso de que ello sea legalmente posible. <\/span><\/p>\n<p class=\"Default\" style=\"text-align: justify;margin: 0cm 0cm 6.0pt 18.0pt\"><span style=\"font-size: 11.0pt\">Tambi\u00e9n tiene derecho a solicitar el traspaso de su informaci\u00f3n a otra entidad. Este derecho se llama \u201cportabilidad\u201d y puede ser \u00fatil en determinadas situaciones.<\/span><\/p>\n<p class=\"Default\" style=\"text-align: justify;margin: 0cm 0cm 6.0pt 18.0pt\"><span style=\"font-size: 11.0pt\">Para solicitar alguno de estos derechos, deber\u00e1 realizar una solicitud escrita a nuestra direcci\u00f3n, junto con una fotocopia de su DNI, para poder identificarle. <\/span><\/p>\n<p class=\"Default\" style=\"text-align: justify;margin: 0cm 0cm 6.0pt 18.0pt\"><span style=\"font-size: 11.0pt\">En las oficinas de nuestra entidad disponemos de formularios espec\u00edficos para solicitar dichos derechos y le ofrecemos nuestra ayuda para su cumplimentaci\u00f3n.<\/span><\/p>\n<p class=\"Default\" style=\"margin-left: 17.85pt;text-align: justify\"><span style=\"font-size: 11.0pt\">Para saber m\u00e1s sobre sus derechos de protecci\u00f3n de datos, puede consultar la \u00a0p\u00e1gina web de la Agencia Espa\u00f1ola de Protecci\u00f3n de Datos (<\/span><a href=\"http:\/\/www.agpd.es\/\"><span style=\"font-size: 11pt;color: black\">www.agpd.es<\/span><\/a><span style=\"font-size: 11.0pt\">).<\/span><\/p>\n<p class=\"MsoNormal\" style=\"margin-bottom: .0001pt\">\u00a0<\/p>\n<p class=\"Default\" style=\"text-align: justify;text-indent: -17.85pt;margin: 0cm 0cm 6.0pt 17.85pt\"><!-- [if !supportLists]--><span style=\"font-size: 11.0pt;font-family: Symbol;color: #002060\">\u00b7<span style=\"font-size: 7pt;line-height: normal;font-family: 'Times New Roman'\">\u00a0\u00a0\u00a0\u00a0\u00a0\u00a0\u00a0\u00a0 <\/span><\/span><!--[endif]--><b><span style=\"font-size: 11.0pt\">\u00bfPuede retirar su consentimiento si cambia de opini\u00f3n en un momento posterior?<\/span><\/b><\/p>\n<p class=\"Default\" style=\"text-align: justify;margin: 0cm 0cm 6.0pt 18.0pt\"><span style=\"font-size: 11.0pt\">Usted puede retirar su consentimiento si cambia de opini\u00f3n sobre el uso de sus datos en cualquier momento. <\/span><\/p>\n<p class=\"Default\" style=\"margin-left: 17.85pt;text-align: justify\"><span style=\"font-size: 11.0pt\">As\u00ed por ejemplo, si usted en su d\u00eda estuvo interesado\/a en recibir publicidad de nuestros productos o servicios, pero ya no desea recibir m\u00e1s publicidad, puede hac\u00e9rnoslo constar a trav\u00e9s del formulario de oposici\u00f3n al tratmiento disponible en las oficinas de nuestra entidad.<\/span><\/p>\n<p class=\"MsoNormal\" style=\"margin-bottom: .0001pt\">\u00a0<\/p>\n<p class=\"Default\" style=\"text-align: justify;text-indent: -17.85pt;margin: 0cm 0cm 6.0pt 17.85pt\"><!-- [if !supportLists]--><span style=\"font-size: 11.0pt;font-family: Symbol;color: #002060\">\u00b7<span style=\"font-size: 7pt;line-height: normal;font-family: 'Times New Roman'\">\u00a0\u00a0\u00a0\u00a0\u00a0\u00a0\u00a0\u00a0 <\/span><\/span><!--[endif]--><b><span style=\"font-size: 11.0pt\">En caso de que entienda que sus derechos han sido desatendidos, \u00bfd\u00f3nde puede formular una reclamaci\u00f3n?<\/span><\/b><\/p>\n<p class=\"Default\" style=\"text-align: justify;margin: 0cm 0cm 6.0pt 18.0pt\"><span style=\"font-size: 11.0pt\">En caso de que entienda que sus derechos han sido desatendidos por nuestra entidad, puede formular una reclamaci\u00f3n en la Agencia Espa\u00f1ola de Protecci\u00f3n de Datos, a trav\u00e9s de alguno de los medios siguientes:<\/span><\/p>\n<p class=\"Default\" style=\"text-align: justify;text-indent: -18.0pt;margin: 0cm 0cm 6.0pt 54.0pt\"><!-- [if !supportLists]--><span style=\"font-family: 'Courier New'\">o<span style=\"font-size: 7pt;line-height: normal;font-family: 'Times New Roman'\">\u00a0\u00a0 <\/span><\/span><!--[endif]--><span style=\"font-size: 11.0pt\">Sede electr\u00f3nica: www.agpd.es<\/span><\/p>\n<p class=\"Default\" style=\"margin-left: 53.85pt;text-align: justify;text-indent: -17.85pt\"><!-- [if !supportLists]--><span style=\"font-family: 'Courier New'\">o<span style=\"font-size: 7pt;line-height: normal;font-family: 'Times New Roman'\">\u00a0\u00a0 <\/span><\/span><!--[endif]--><span style=\"font-size: 11.0pt\">Direcci\u00f3n postal:<\/span><\/p>\n<p class=\"Default\" style=\"margin: 0cm 0cm 6.0pt 54.0pt\"><span style=\"font-size: 11.0pt\">Agencia Espa\u00f1ola de Protecci\u00f3n de Datos <br \/> C\/ Jorge Juan, 6<br \/> 28001-Madrid <\/span><\/p>\n<p class=\"Default\" style=\"margin-left: 53.85pt;text-align: justify;text-indent: -17.85pt\"><!-- [if !supportLists]--><span style=\"font-family: 'Courier New'\">o<span style=\"font-size: 7pt;line-height: normal;font-family: 'Times New Roman'\">\u00a0\u00a0 <\/span><\/span><!--[endif]--><span style=\"font-size: 11.0pt\">V\u00eda telef\u00f3nica:<\/span><\/p>\n<p class=\"Default\" style=\"margin-left: 53.85pt\"><span style=\"font-size: 11.0pt\">Telf. 901 100 099 <\/span><\/p>\n<p class=\"Default\" style=\"margin: 0cm 0cm 6.0pt 54.0pt\"><span style=\"font-size: 11.0pt\">Telf. 91 266 35 17<\/span><\/p>\n<p class=\"Default\" style=\"margin-left: 17.85pt;text-align: justify\"><span style=\"font-size: 11.0pt\">Formular una reclamaci\u00f3n en la Agencia Espa\u00f1ola de Protecci\u00f3n de Datos no conlleva ning\u00fan coste y no es necesaria la asistencia de abogado ni procurador. <\/span><\/p>\n<p class=\"MsoNormal\" style=\"margin-bottom: .0001pt\">\u00a0<\/p>\n<p class=\"Default\" style=\"text-align: justify;text-indent: -17.85pt;margin: 0cm 0cm 6.0pt 17.85pt\"><!-- [if !supportLists]--><span style=\"font-size: 11.0pt;font-family: Symbol;color: #002060\">\u00b7<span style=\"font-size: 7pt;line-height: normal;font-family: 'Times New Roman'\">\u00a0\u00a0\u00a0\u00a0\u00a0\u00a0\u00a0\u00a0 <\/span><\/span><!--[endif]--><b><span style=\"font-size: 11.0pt\">\u00bfElaboraremos perfiles sobre usted?<\/span><\/b><\/p>\n<p class=\"Default\" style=\"text-align: justify;margin: 0cm 0cm 6.0pt 18.0pt\"><span style=\"font-size: 11.0pt\">Nuestra pol\u00edtica es no elaborar perfiles sobre los usuarios de nuestros servicios.<\/span><\/p>\n<p class=\"Default\" style=\"text-align: justify;margin: 0cm 0cm 6.0pt 18.0pt\"><span style=\"font-size: 11.0pt\">No obstante, pueden existir situaciones en las que, con fines de prestaci\u00f3n del servicio, comerciales o de otro tipo, necesitemos elaborar perfiles de informaci\u00f3n sobre usted. Un ejemplo pudiera ser la utilizaci\u00f3n de su historial de compras o servicios para poder ofrecerle productos o servicios adaptados a sus gustos o necesidades.<\/span><\/p>\n<p class=\"Default\" style=\"margin-left: 17.85pt;text-align: justify\"><span style=\"font-size: 11.0pt;color: windowtext\">En tal caso, aplicaremos medidas de seguridad eficaces que protejan su informaci\u00f3n en todo momento de personas no autorizadas que pretendan utilizarla en su propio beneficio. <\/span><\/p>\n<p class=\"MsoNormal\" style=\"margin-bottom: .0001pt\"><b>\u00a0<\/b><\/p>\n<p class=\"Default\" style=\"text-align: justify;text-indent: -17.85pt;margin: 0cm 0cm 6.0pt 17.85pt\"><!-- [if !supportLists]--><span style=\"font-size: 11.0pt;font-family: Symbol;color: #002060\">\u00b7<span style=\"font-size: 7pt;line-height: normal;font-family: 'Times New Roman'\">\u00a0\u00a0\u00a0\u00a0\u00a0\u00a0\u00a0\u00a0 <\/span><\/span><!--[endif]--><b><span style=\"font-size: 11.0pt\">\u00bfUsaremos sus datos para otros fines?<\/span><\/b><\/p>\n<p class=\"Default\" style=\"margin-left: 17.85pt;text-align: justify\"><span style=\"font-size: 11.0pt\">Nuestra pol\u00edtica es no usar sus datos para otras finalidades distintas a las que le hemos explicado. Si, no obstante, necesit\u00e1semos usar sus datos para actividades distintas, siempre le solicitaremos previamente su permiso a trav\u00e9s de opciones claras que le permitir\u00e1n decidir al respecto.<\/span><\/p>\n<p class=\"MsoListParagraph\" style=\"margin-left: 36.0pt;text-indent: -36.0pt\"><!-- [if !supportLists]--><\/p>\n","protected":false},"excerpt":{"rendered":"<p>SUS DATOS SEGUROS Informaci\u00f3n en cumplimiento de la normativa de protecci\u00f3n de datos personales \u00a0 En Europa y en Espa\u00f1a existen normas de protecci\u00f3n de datos pensadas para proteger su informaci\u00f3n personal de obligado cumplimiento para nuestra entidad. Por ello, es muy importante para nosotros que entienda perfectamente qu\u00e9 vamos a hacer con los datos&hellip;<\/p>\n","protected":false},"author":2,"featured_media":0,"parent":0,"menu_order":0,"comment_status":"closed","ping_status":"closed","template":"","meta":{"footnotes":""},"class_list":["post-3596","page","type-page","status-publish","hentry"],"_hostinger_reach_plugin_has_subscription_block":false,"_hostinger_reach_plugin_is_elementor":false,"_links":{"self":[{"href":"https:\/\/fexkarate.com\/index.php?rest_route=\/wp\/v2\/pages\/3596","targetHints":{"allow":["GET"]}}],"collection":[{"href":"https:\/\/fexkarate.com\/index.php?rest_route=\/wp\/v2\/pages"}],"about":[{"href":"https:\/\/fexkarate.com\/index.php?rest_route=\/wp\/v2\/types\/page"}],"author":[{"embeddable":true,"href":"https:\/\/fexkarate.com\/index.php?rest_route=\/wp\/v2\/users\/2"}],"replies":[{"embeddable":true,"href":"https:\/\/fexkarate.com\/index.php?rest_route=%2Fwp%2Fv2%2Fcomments&post=3596"}],"version-history":[{"count":1,"href":"https:\/\/fexkarate.com\/index.php?rest_route=\/wp\/v2\/pages\/3596\/revisions"}],"predecessor-version":[{"id":3597,"href":"https:\/\/fexkarate.com\/index.php?rest_route=\/wp\/v2\/pages\/3596\/revisions\/3597"}],"wp:attachment":[{"href":"https:\/\/fexkarate.com\/index.php?rest_route=%2Fwp%2Fv2%2Fmedia&parent=3596"}],"curies":[{"name":"wp","href":"https:\/\/api.w.org\/{rel}","templated":true}]}}