{"id":3605,"date":"2021-01-27T19:02:43","date_gmt":"2021-01-27T18:02:43","guid":{"rendered":"https:\/\/fexkarate.com\/asamblea\/"},"modified":"2021-01-27T19:02:43","modified_gmt":"2021-01-27T18:02:43","slug":"asamblea","status":"publish","type":"page","link":"https:\/\/fexkarate.com\/?page_id=3605","title":{"rendered":"Asamblea"},"content":{"rendered":"<p><strong>Entidades de Badajoz:\u00a0 \u00a0 \u00a0<\/strong> \u00a0<\/p>\n<table>\n<tbody>\n<tr>\n<td style=\"text-align: left\">Agust\u00edn Carmona Robles<\/td>\n<td>\u00a0&#8212;\u00a0<\/td>\n<td style=\"text-align: left\">A.D. El Cristo de Villanueva de la Serena<\/td>\n<\/tr>\n<tr>\n<td style=\"text-align: left\">Luis Miguel Gismero S\u00e1nchez<\/td>\n<td style=\"text-align: center\">&#8212;<\/td>\n<td style=\"text-align: left\">Dojo Wankan<\/td>\n<\/tr>\n<tr>\n<td style=\"text-align: left\">Pedro Ribera Donoso<\/td>\n<td style=\"text-align: center\">&#8212;<\/td>\n<td style=\"text-align: left\">Club Karate la Serena<\/td>\n<\/tr>\n<tr>\n<td style=\"text-align: left\">Manuel G\u00f3mez Cabanillas<\/td>\n<td style=\"text-align: center\">&#8212;<\/td>\n<td style=\"text-align: left\">Club Karate Yoshitaka<\/td>\n<\/tr>\n<tr>\n<td style=\"text-align: left\">\u00c1ngel Nieto Barroso<\/td>\n<td style=\"text-align: center\">&#8212;<\/td>\n<td style=\"text-align: left\">Club Karate Shotokan Don Benito<\/td>\n<\/tr>\n<tr>\n<td style=\"text-align: left\">Juan Diego S\u00e1nchez S\u00e1nchez<\/td>\n<td style=\"text-align: center\"><span style=\"text-align: center\">&#8212;<\/span><\/td>\n<td style=\"text-align: left\">ASD.DEP. Karate Do San Kai de Valdivia<\/td>\n<\/tr>\n<\/tbody>\n<\/table>\n<p>\u00a0<\/p>\n<p><strong>Entidades de C\u00e1ceres:<\/strong><\/p>\n<table>\n<tbody>\n<tr style=\"height: 13px\">\n<td style=\"height: 13px\">Antonio Mart\u00edn Tom\u00e9<\/td>\n<td style=\"height: 13px\">\u00a0&#8212;\u00a0<\/td>\n<td style=\"height: 13px\">A.D. Club Karate\u00a0 Shotokan Ryu de Plasencia<\/td>\n<\/tr>\n<tr style=\"height: 13px\">\n<td style=\"height: 13px\">Germ\u00e1n Castillo Mart\u00ednez<\/td>\n<td style=\"height: 13px;text-align: center\">&#8212;<\/td>\n<td style=\"height: 13px\">Club Karate Jaraiz de\u00a0 Jaraiz de la Vera\u00a0\u00a0<\/td>\n<\/tr>\n<tr style=\"height: 13px\">\n<td style=\"height: 13px\">Jorge Salm\u00f3n Cid de Rivera<\/td>\n<td style=\"height: 13px;text-align: center\">&#8212;<\/td>\n<td style=\"height: 13px\">Club Vivevien<\/td>\n<\/tr>\n<tr style=\"height: 13px\">\n<td style=\"height: 13px\">Miguel \u00c1ngel Gonz\u00e1lez Rodriguez<\/td>\n<td style=\"height: 13px;text-align: center\">&#8212;<\/td>\n<td style=\"height: 13px\">Club Shimai<\/td>\n<\/tr>\n<\/tbody>\n<\/table>\n<p>\u00a0<\/p>\n<p><strong>Deportistas\u00a0 de Badajoz:\u00a0\u00a0<\/strong><\/p>\n<ul>\n<li>\u00c1lvaro Jes\u00fas Vega Nova<\/li>\n<li>M\u00f3nica Molina Amado<\/li>\n<\/ul>\n<p><strong>Deportistas de C\u00e1ceres:\u00a0 \u00a0 \u00a0 \u00a0 \u00a0 \u00a0 \u00a0<\/strong><\/p>\n<ul>\n<li>Laura Mart\u00edn D\u00edaz<\/li>\n<\/ul>\n<p><strong>T\u00e9cnicos de Badajoz:<\/strong><\/p>\n<ul>\n<li>Jos\u00e9 Rodr\u00edguez Mart\u00edn Romo<\/li>\n<\/ul>\n<p><strong>T\u00e9cnicos de C\u00e1ceres:<\/strong><\/p>\n<ul>\n<li>Rosa Rufino Araujo<\/li>\n<\/ul>\n<p><strong>Jueces\/ \u00c1rbitros de Badajoz:<\/strong><\/p>\n<ul>\n<li>Gregorio Garc\u00eda Ramos<\/li>\n<\/ul>\n<p><strong>Jueces\/\u00c1rbitros de C\u00e1ceres:\u00a0 \u00a0<\/strong><\/p>\n<ul>\n<li>Jonathan Jorna Ramos\u00a0 \u00a0 \u00a0 \u00a0\u00a0<\/li>\n<\/ul>\n<p>\u00a0<\/p>\n<p>\u00a0<\/p>\n<p>\u00a0<\/p>\n","protected":false},"excerpt":{"rendered":"<p>Entidades de Badajoz:\u00a0 \u00a0 \u00a0 \u00a0 Agust\u00edn Carmona Robles \u00a0&#8212;\u00a0 A.D. El Cristo de Villanueva de la Serena Luis Miguel Gismero S\u00e1nchez &#8212; Dojo Wankan Pedro Ribera Donoso &#8212; Club Karate la Serena Manuel G\u00f3mez Cabanillas &#8212; Club Karate Yoshitaka \u00c1ngel Nieto Barroso &#8212; Club Karate Shotokan Don Benito Juan Diego S\u00e1nchez S\u00e1nchez &#8212; ASD.DEP.&hellip;<\/p>\n","protected":false},"author":2,"featured_media":0,"parent":0,"menu_order":0,"comment_status":"closed","ping_status":"closed","template":"","meta":{"footnotes":""},"class_list":["post-3605","page","type-page","status-publish","hentry"],"_hostinger_reach_plugin_has_subscription_block":false,"_hostinger_reach_plugin_is_elementor":false,"_links":{"self":[{"href":"https:\/\/fexkarate.com\/index.php?rest_route=\/wp\/v2\/pages\/3605","targetHints":{"allow":["GET"]}}],"collection":[{"href":"https:\/\/fexkarate.com\/index.php?rest_route=\/wp\/v2\/pages"}],"about":[{"href":"https:\/\/fexkarate.com\/index.php?rest_route=\/wp\/v2\/types\/page"}],"author":[{"embeddable":true,"href":"https:\/\/fexkarate.com\/index.php?rest_route=\/wp\/v2\/users\/2"}],"replies":[{"embeddable":true,"href":"https:\/\/fexkarate.com\/index.php?rest_route=%2Fwp%2Fv2%2Fcomments&post=3605"}],"version-history":[{"count":0,"href":"https:\/\/fexkarate.com\/index.php?rest_route=\/wp\/v2\/pages\/3605\/revisions"}],"wp:attachment":[{"href":"https:\/\/fexkarate.com\/index.php?rest_route=%2Fwp%2Fv2%2Fmedia&parent=3605"}],"curies":[{"name":"wp","href":"https:\/\/api.w.org\/{rel}","templated":true}]}}