{"id":4329,"date":"2026-04-23T15:50:33","date_gmt":"2026-04-23T14:50:33","guid":{"rendered":"https:\/\/fexkarate.com\/?page_id=4329"},"modified":"2026-04-25T18:15:04","modified_gmt":"2026-04-25T17:15:04","slug":"tai-jitsu","status":"publish","type":"page","link":"https:\/\/fexkarate.com\/?page_id=4329","title":{"rendered":"Nihon Tai-Jitsu (Tai-Jitsu)"},"content":{"rendered":"<div class=\"fusion-fullwidth fullwidth-box fusion-builder-row-1 fusion-flex-container nonhundred-percent-fullwidth non-hundred-percent-height-scrolling\" style=\"--awb-border-radius-top-left:0px;--awb-border-radius-top-right:0px;--awb-border-radius-bottom-right:0px;--awb-border-radius-bottom-left:0px;--awb-flex-wrap:wrap;\" ><div class=\"fusion-builder-row fusion-row fusion-flex-align-items-flex-start fusion-flex-content-wrap\" style=\"max-width:1185.6px;margin-left: calc(-4% \/ 2 );margin-right: calc(-4% \/ 2 );\"><div class=\"fusion-layout-column fusion_builder_column fusion-builder-column-0 fusion_builder_column_1_1 1_1 fusion-flex-column\" style=\"--awb-bg-size:cover;--awb-width-large:100%;--awb-margin-top-large:0px;--awb-spacing-right-large:1.92%;--awb-margin-bottom-large:0px;--awb-spacing-left-large:1.92%;--awb-width-medium:100%;--awb-spacing-right-medium:1.92%;--awb-spacing-left-medium:1.92%;--awb-width-small:100%;--awb-spacing-right-small:1.92%;--awb-spacing-left-small:1.92%;\"><div class=\"fusion-column-wrapper fusion-flex-justify-content-flex-start fusion-content-layout-column\"><div class=\"fusion-text fusion-text-1\"><section class=\"article\">El Nihon Tai-Jitsu es una disciplina japonesa de defensa personal que destaca por su enfoque pr\u00e1ctico, t\u00e9cnico y equilibrado. Su trabajo se basa en la utilizaci\u00f3n eficiente del cuerpo, el control del adversario y la resoluci\u00f3n de situaciones mediante t\u00e9cnicas precisas.<\/p>\n<p>Entre sus contenidos se encuentran defensas ante agarres, golpes, luxaciones, proyecciones, inmovilizaciones y desplazamientos. Todo ello se desarrolla con una idea fundamental: aplicar la t\u00e9cnica adecuada sin depender exclusivamente de la fuerza f\u00edsica.<\/p>\n<p>Dentro de la Federaci\u00f3n Extreme\u00f1a de Karate y Disciplinas Asociadas, el Nihon Tai-Jitsu aporta una perspectiva muy completa de la defensa personal, manteniendo la tradici\u00f3n marcial japonesa y adapt\u00e1ndola a una pr\u00e1ctica moderna, segura y formativa.<\/p>\n<p>Su entrenamiento favorece la confianza, la coordinaci\u00f3n, la concentraci\u00f3n y el respeto por el compa\u00f1ero. En el contexto deportivo extreme\u00f1o y espa\u00f1ol, esta disciplina contribuye a enriquecer el conjunto de artes marciales integradas en el \u00e1mbito federativo.<\/p>\n<\/section>\n<\/div><div class=\"fusion-title title fusion-title-1 fusion-sep-none fusion-title-text fusion-title-size-two\" style=\"--awb-margin-top-small:0px;--awb-margin-right-small:0px;--awb-margin-bottom-small:20px;--awb-margin-left-small:0px;\"><h2 class=\"fusion-title-heading title-heading-left fusion-responsive-typography-calculated\" style=\"margin:0;text-transform:uppercase;--fontSize:30;line-height:1.5;\">Documentos<\/h2><\/div>        <div class=\"fex-dr-list \">\n                                                                <div class=\"fex-dr-list__empty\">No hay documentos disponibles en esta carpeta.<\/div>\n                                    <\/div>\n        <\/div><\/div><\/div><\/div>\n","protected":false},"excerpt":{"rendered":"","protected":false},"author":1,"featured_media":0,"parent":0,"menu_order":0,"comment_status":"closed","ping_status":"closed","template":"","meta":{"footnotes":""},"class_list":["post-4329","page","type-page","status-publish","hentry"],"_hostinger_reach_plugin_has_subscription_block":false,"_hostinger_reach_plugin_is_elementor":false,"_links":{"self":[{"href":"https:\/\/fexkarate.com\/index.php?rest_route=\/wp\/v2\/pages\/4329","targetHints":{"allow":["GET"]}}],"collection":[{"href":"https:\/\/fexkarate.com\/index.php?rest_route=\/wp\/v2\/pages"}],"about":[{"href":"https:\/\/fexkarate.com\/index.php?rest_route=\/wp\/v2\/types\/page"}],"author":[{"embeddable":true,"href":"https:\/\/fexkarate.com\/index.php?rest_route=\/wp\/v2\/users\/1"}],"replies":[{"embeddable":true,"href":"https:\/\/fexkarate.com\/index.php?rest_route=%2Fwp%2Fv2%2Fcomments&post=4329"}],"version-history":[{"count":6,"href":"https:\/\/fexkarate.com\/index.php?rest_route=\/wp\/v2\/pages\/4329\/revisions"}],"predecessor-version":[{"id":4729,"href":"https:\/\/fexkarate.com\/index.php?rest_route=\/wp\/v2\/pages\/4329\/revisions\/4729"}],"wp:attachment":[{"href":"https:\/\/fexkarate.com\/index.php?rest_route=%2Fwp%2Fv2%2Fmedia&parent=4329"}],"curies":[{"name":"wp","href":"https:\/\/api.w.org\/{rel}","templated":true}]}}